{"id":7434,"date":"2024-01-15T14:01:08","date_gmt":"2024-01-15T14:01:08","guid":{"rendered":"https:\/\/ten-hotel.se\/?page_id=7434"},"modified":"2024-03-25T12:55:17","modified_gmt":"2024-03-25T12:55:17","slug":"mello-erbjudande","status":"publish","type":"page","link":"https:\/\/ten-hotel.se\/sv\/rum\/mello-erbjudande\/","title":{"rendered":"EURO SONG CONTEST"},"content":{"rendered":"<p>[et_pb_section fb_built=&#8221;1&#8243; _builder_version=&#8221;4.16&#8243; _module_preset=&#8221;default&#8221; custom_margin=&#8221;0px||5px||false|false&#8221; custom_padding=&#8221;0px||0px||false|false&#8221; global_colors_info=&#8221;{}&#8221;][et_pb_row _builder_version=&#8221;4.16&#8243; _module_preset=&#8221;default&#8221; custom_margin=&#8221;0px||0px||false|false&#8221; custom_padding=&#8221;0px||0px||false|false&#8221; global_colors_info=&#8221;{}&#8221;][et_pb_column type=&#8221;4_4&#8243; _builder_version=&#8221;4.16&#8243; _module_preset=&#8221;default&#8221; global_colors_info=&#8221;{}&#8221;][et_pb_text module_class=&#8221;zeroheight&#8221; _builder_version=&#8221;4.24.2&#8243; _module_preset=&#8221;default&#8221; custom_margin=&#8221;0px||0px||false|false&#8221; custom_padding=&#8221;0px||0px||false|false&#8221; global_colors_info=&#8221;{}&#8221; content__hover_enabled=&#8221;on|hover&#8221; content__hover=&#8221;<\/p>\n<div class=%22room-slider-text%22>\n<h1 class=%22text-white%22>Euro Schlager<\/h1>\n<p><span class=%22text-with-array text-white%22>Ett glittrande erbjudande. <\/span><\/p>\n<\/div>\n<p><a class=%22backbutton text-with-array%22 style=%22color: #000000;%22 href=%22\/sv\/rum%22><object class=%22leftarrow-black%22 data=%22\/wp-content\/uploads\/2021\/12\/arrow.svg%22 width=%2222%22 height=%2219%22><\/object>Backa<\/a><\/p>\n<p>&#8221;]<\/p>\n<div class=\"room-slider-text\">\n<h1 class=\"text-white\">Euro Schlager<\/h1>\n<p><span class=\"text-with-array text-white\">Ett glittrande erbjudande.\u00a0<\/span><\/p>\n<\/div>\n<p><a class=\"backbutton text-with-array\" style=\"color: white!important;\" href=\"\/sv\/rum\"><object class=\"leftarrow\" data=\"\/wp-content\/uploads\/2021\/12\/arrow.svg\" width=\"22\" height=\"19\"><\/object>Backa<\/a><\/p>\n<p>[\/et_pb_text][et_pb_gallery gallery_ids=&#8221;7436,7438&#8243; fullwidth=&#8221;on&#8221; _builder_version=&#8221;4.23.1&#8243; _module_preset=&#8221;default&#8221; width=&#8221;100%&#8221; module_alignment=&#8221;center&#8221; min_height=&#8221;50%&#8221; max_height=&#8221;100%&#8221; custom_margin=&#8221;0px|0px|0px|0px|false|false&#8221; custom_padding=&#8221;0px|0px|0px|0px|false|false&#8221; auto=&#8221;on&#8221; auto_speed=&#8221;2000&#8243; global_colors_info=&#8221;{}&#8221;][\/et_pb_gallery][\/et_pb_column][\/et_pb_row][\/et_pb_section][et_pb_section fb_built=&#8221;1&#8243; _builder_version=&#8221;4.16&#8243; _module_preset=&#8221;default&#8221; custom_margin=&#8221;0px||0px||false|false&#8221; custom_padding=&#8221;0px||0px||false|false&#8221; global_colors_info=&#8221;{}&#8221;][et_pb_row column_structure=&#8221;1_2,1_2&#8243; make_equal=&#8221;on&#8221; _builder_version=&#8221;4.23.1&#8243; _module_preset=&#8221;default&#8221; background_color=&#8221;RGBA(255,255,255,0)&#8221; width=&#8221;100%&#8221; custom_margin=&#8221;0px||0px||false|false&#8221; custom_padding=&#8221;0px||0px||false|false&#8221; global_colors_info=&#8221;{}&#8221;][et_pb_column type=&#8221;1_2&#8243; _builder_version=&#8221;4.23.1&#8243; _module_preset=&#8221;default&#8221; background_color=&#8221;#7C130C&#8221; custom_padding=&#8221;0px|0px|0px|0px|false|false&#8221; border_width_top=&#8221;5px&#8221; border_color_top=&#8221;#ffffff&#8221; border_width_right=&#8221;5px&#8221; border_color_right=&#8221;#ffffff&#8221; border_width_bottom=&#8221;5px&#8221; border_color_bottom=&#8221;#ffffff&#8221; border_width_right_tablet=&#8221;0px&#8221; border_width_right_phone=&#8221;&#8221; border_width_right_last_edited=&#8221;on|tablet&#8221; border_width_bottom_tablet=&#8221;0px&#8221; border_width_bottom_phone=&#8221;&#8221; border_width_bottom_last_edited=&#8221;on|tablet&#8221; global_colors_info=&#8221;{}&#8221;][et_pb_text admin_label=&#8221;LIST&#8221; _builder_version=&#8221;4.24.2&#8243; _module_preset=&#8221;default&#8221; text_text_color=&#8221;#ffffff&#8221; background_color=&#8221;#7C130C&#8221; custom_margin=&#8221;5px|5px|5px|0px|false|false&#8221; custom_margin_tablet=&#8221;|0px|||false|false&#8221; custom_margin_phone=&#8221;&#8221; custom_margin_last_edited=&#8221;on|desktop&#8221; border_color_all=&#8221;#FFF79E&#8221; global_colors_info=&#8221;{}&#8221;]<\/p>\n<p>KOM IN P\u00c5 EN SPRAKANDE KV\u00c4LL MED GLITTER &amp; GLAMOUR!<\/p>\n<p>Under Euro-schlagerfinalen har ett vi erbjudande p\u00e5 en glittrig \u00f6vernattning. B\u00f6rja med incheckning &amp; v\u00e4lkomstdrink. Till middag serveras det tacobuff\u00e9 och stor godisbuff\u00e9. Mums!<br \/>Sen \u00e4r det dags f\u00f6r s\u00e4ndningen 20.00 p\u00e5 storbildssk\u00e4rmen.<br \/>Efter att en vinnare \u00e4r korad v\u00e4ntar en riktigt sk\u00f6n s\u00e4ng och en god natts s\u00f6mn. Vakna utvilad och njut av gener\u00f6s frukostbuff\u00e9!<\/p>\n<p>V\u00e4lj mellan 3 rumskategorier:<br \/>Dubbelrum 1990 SEK<br \/>Familjerum f\u00f6r 3, 2 vuxna &amp; 1 barn 2200 SEK<br \/>Familjerum f\u00f6r 4, 2 vuxna &amp; 2 barn 2500 SEK<\/p>\n<p>[\/et_pb_text][\/et_pb_column][et_pb_column type=&#8221;1_2&#8243; _builder_version=&#8221;4.23.1&#8243; _module_preset=&#8221;default&#8221; background_color=&#8221;#7C130C&#8221; border_width_top=&#8221;5px&#8221; border_color_top=&#8221;#ffffff&#8221; border_color_right=&#8221;RGBA(255,255,255,0)&#8221; border_width_bottom=&#8221;5px&#8221; border_color_bottom=&#8221;#ffffff&#8221; border_width_left=&#8221;5px&#8221; border_color_left=&#8221;#ffffff&#8221; border_width_top_tablet=&#8221;0px&#8221; border_width_top_phone=&#8221;&#8221; border_width_top_last_edited=&#8221;on|tablet&#8221; border_width_left_tablet=&#8221;0px&#8221; border_width_left_phone=&#8221;&#8221; border_width_left_last_edited=&#8221;on|tablet&#8221; global_colors_info=&#8221;{}&#8221;][et_pb_text admin_label=&#8221;TEXT&#8221; _builder_version=&#8221;4.24.2&#8243; _module_preset=&#8221;default&#8221; text_text_color=&#8221;#ffffff&#8221; background_color=&#8221;#7C130C&#8221; min_height_tablet=&#8221;&#8221; min_height_phone=&#8221;&#8221; min_height_last_edited=&#8221;on|desktop&#8221; custom_margin=&#8221;5px|0px|5px|5px|false|false&#8221; custom_margin_tablet=&#8221;|||0px|false|false&#8221; custom_margin_phone=&#8221;&#8221; custom_margin_last_edited=&#8221;on|phone&#8221; global_colors_info=&#8221;{}&#8221;]<\/p>\n<p style=\"text-align: center;\">DETTA ING\u00c5R I PAKETET:<\/p>\n<p style=\"text-align: center;\">\u00d6vernattning 1 natt, v\u00e4lkomstdrink, visning av Euro-schlager t\u00e4vlingen p\u00e5 storbildssk\u00e4rm, middagsbuff\u00e9, godisbuff\u00e9, frukostbuff\u00e9, tillg\u00e5ng till TEN Gym &amp; Sauna, fri parkering och en trevlig kv\u00e4ll<\/p>\n<p style=\"text-align: center;\">G\u00e4ller 11-12 maj.<\/p>\n<p style=\"text-align: center;\">F\u00f6r bokning, ring eller maila oss p\u00e5:<br \/>0859844310<br \/>booking@ten-hotel.com<\/p>\n<p style=\"text-align: center;\">NUUUU K\u00d6R VI!<\/p>\n<p style=\"text-align: center;\">[\/et_pb_text][\/et_pb_column][\/et_pb_row][\/et_pb_section][et_pb_section fb_built=&#8221;1&#8243; disabled_on=&#8221;off|off|off&#8221; admin_label=&#8221;footer_feb_2024_sv&#8221; module_class=&#8221;footer-section&#8221; _builder_version=&#8221;4.22.2&#8243; _module_preset=&#8221;default&#8221; custom_margin=&#8221;0px||0px||false|false&#8221; custom_padding=&#8221;0px||0px||false|false&#8221; global_module=&#8221;7963&#8243; saved_tabs=&#8221;all&#8221; global_colors_info=&#8221;{}&#8221;][et_pb_row column_structure=&#8221;1_2,1_2&#8243; make_equal=&#8221;on&#8221; admin_label=&#8221;Content&#8221; _builder_version=&#8221;4.23.1&#8243; _module_preset=&#8221;default&#8221; background_color=&#8221;#e5e3dd&#8221; width=&#8221;100%&#8221; min_height=&#8221;300px&#8221; custom_margin=&#8221;0px||0px||false|false&#8221; custom_padding=&#8221;0px||0px||false|false&#8221; custom_css_main_element=&#8221;z-index:0;&#8221; global_colors_info=&#8221;{}&#8221;][et_pb_column type=&#8221;1_2&#8243; _builder_version=&#8221;4.23.1&#8243; _module_preset=&#8221;default&#8221; background_enable_color=&#8221;off&#8221; border_width_top=&#8221;5px&#8221; border_color_top=&#8221;#ffffff&#8221; border_width_right=&#8221;5px&#8221; border_color_right=&#8221;#fff&#8221; border_color_bottom=&#8221;#ffffff&#8221; border_width_right_tablet=&#8221;0px&#8221; border_width_right_phone=&#8221;&#8221; border_width_right_last_edited=&#8221;on|tablet&#8221; border_width_bottom_tablet=&#8221;5px&#8221; border_width_bottom_phone=&#8221;&#8221; border_width_bottom_last_edited=&#8221;on|desktop&#8221; global_colors_info=&#8221;{}&#8221;][et_pb_text _builder_version=&#8221;4.24.0&#8243; _module_preset=&#8221;5eb26332-93f9-4bc7-8daf-89d5e647e929&#8243; text_font=&#8221;Roboto|300|||||||&#8221; text_line_height=&#8221;1.3em&#8221; link_font=&#8221;Roboto|300|||on|||rgba(10,0,0,0.46)|solid&#8221; header_2_font_size=&#8221;30px&#8221; background_color=&#8221;RGBA(255,255,255,0)&#8221; background_enable_image=&#8221;off&#8221; background_size=&#8221;initial&#8221; custom_margin=&#8221;5px|0px|5px|5px|false|false&#8221; custom_margin_tablet=&#8221;|||0px|false|false&#8221; custom_margin_phone=&#8221;&#8221; custom_margin_last_edited=&#8221;on|phone&#8221; custom_padding=&#8221;15px|30px|15px|20px|true|false&#8221; global_colors_info=&#8221;{}&#8221;]<\/p>\n<div class=\"footer-row\">\n<div class=\"footer-column\"><span class=\"footer-item\" style=\"font-size: 20px;\"><strong>SNABBL\u00c4NKAR<\/strong><br \/>\n<a href=\"\/sv\/gdpr\/\">GDPR<\/a><br \/>\n<a href=\"\/sv\/aktuellt\/om-oss\/\">OM OSS<\/a><br \/>\n<a href=\"\/press\">Press<\/a><\/span><\/p>\n<p><span style=\"font-size: 20px;\"><strong>KONTAKT &amp; FR\u00c5GOR<\/strong><br \/>\n<a href=\"mailto:info@ten-hotel.com\">info@ten-hotel.com<\/a><br \/>\n<a>+46(0)859844310<\/a><\/span><\/p>\n<p><span style=\"font-size: 20px;\"><strong>HITTA HIT<\/strong><br \/>\nJohanneslundsv\u00e4gen 11<br \/>\n19461 Upplands V\u00e4sby<br \/>\n<a href=\"https:\/\/www.google.se\/maps\/place\/TEN+HOTEL\/@59.5065006,17.9194608,17z\/data=!3m1!4b1!4m8!3m7!1s0x465f99aade85c3a9:0x2c6b77e563332e8d!5m2!4m1!1i2!8m2!3d59.5065006!4d17.9216548\" target=\"_blank\" rel=\"noopener\">Visa p\u00e5 karta<\/a><\/span><\/div>\n<div class=\"footer-column\">\n<span class=\"footer-item\" style=\"font-size: 20px;\"><strong>BOKNINGAR<\/strong><br \/>\n<a href=\"mailto:booking@ten-hotel.com\">booking@ten-hotel.com<\/a><\/span><\/p>\n<p><span class=\"footer-item\" style=\"font-size: 20px;\"><strong>S\u00c4LJ \/ MARKNADSF\u00d6RING<\/strong><br \/>\n<a href=\"mailto:linnea@ten-hotel.com\">linnea@ten-hotel.com<\/a><\/span><\/p>\n<p><span style=\"font-size: 20px;\"><strong>SOCIALA MEDIER<\/strong><br \/>\n<a href=\"https:\/\/www.instagram.com\/tenhotel\/?hl=sv\" target=\"_blank\" rel=\"noopener\">Instagram<\/a><br \/>\n<a href=\"https:\/\/www.facebook.com\/search\/top?q=tenhotel\" target=\"_blank\" rel=\"noopener\">Facebook<\/a><br \/>\n<a href=\"https:\/\/www.linkedin.com\/company\/tenhotel\/\" target=\"_blank\" rel=\"noopener\">LinkedIn<\/a><\/span>\n<\/div>\n<\/div>\n<div class=\"footer-image-col\"><img decoding=\"async\" class=\"footer-single-logo\" src=\"\/wp-content\/uploads\/2023\/11\/BW-Signature-Collection-Logo-Black-242x300-1.png\" alt=\"Best Western Signature Collection\" \/><br \/>\n<img decoding=\"async\" class=\"footer-single-logo\" src=\"\/wp-content\/uploads\/2024\/02\/Visita_logo_RGB_undertext_500px-H-648.jpg\" alt=\"Visita\" \/><br \/>\n<img decoding=\"async\" class=\"footer-single-logo\" src=\"\/wp-content\/uploads\/2023\/10\/green-key-logo-with-text.jpg\" alt=\"green key\" \/><\/div>\n<p>[\/et_pb_text][\/et_pb_column][et_pb_column type=&#8221;1_2&#8243; _builder_version=&#8221;4.16&#8243; _module_preset=&#8221;default&#8221; background_color=&#8221;#044C21&#8243; border_width_top=&#8221;5px&#8221; border_color_top=&#8221;#fff&#8221; border_color_bottom=&#8221;#fff&#8221; border_width_left=&#8221;5px&#8221; border_color_left=&#8221;#ffffff&#8221; border_width_bottom_tablet=&#8221;&#8221; border_width_bottom_phone=&#8221;0px&#8221; border_width_bottom_last_edited=&#8221;on|phone&#8221; border_width_left_tablet=&#8221;0px&#8221; border_width_left_phone=&#8221;&#8221; border_width_left_last_edited=&#8221;on|tablet&#8221; global_colors_info=&#8221;{}&#8221;][et_pb_signup mailchimp_list=&#8221;TEN HOTEL|b3b8e90fdb&#8221; layout=&#8221;top_bottom&#8221; first_name_field=&#8221;off&#8221; last_name_field=&#8221;off&#8221; title=&#8221;NYHETSBREV&#8221; button_text=&#8221;SIGN UP&#8221; _builder_version=&#8221;4.16&#8243; _module_preset=&#8221;default&#8221; form_field_background_color=&#8221;RGBA(255,255,255,0)&#8221; form_field_text_color=&#8221;#FFEFC6&#8243; form_field_focus_background_color=&#8221;RGBA(255,255,255,0)&#8221; form_field_focus_text_color=&#8221;#ffffff&#8221; form_field_custom_margin=&#8221;0px|0px|0px|0px|false|false&#8221; form_field_custom_padding=&#8221;0px|25%||10px|false|false&#8221; form_field_custom_padding_tablet=&#8221;&#8221; form_field_custom_padding_phone=&#8221;|0%|||false|false&#8221; form_field_custom_padding_last_edited=&#8221;on|phone&#8221; form_field_font=&#8221;Helvetica Now regular|500|||||||&#8221; form_field_text_align=&#8221;left&#8221; form_field_font_size=&#8221;24px&#8221; background_color=&#8221;RGBA(255,255,255,0)&#8221; custom_button=&#8221;on&#8221; button_text_size=&#8221;24px&#8221; button_text_color=&#8221;#FFEFC6&#8243; button_bg_color=&#8221;#1e6d3e&#8221; button_border_width=&#8221;2px&#8221; button_border_color=&#8221;#1e6d3e&#8221; button_border_radius=&#8221;0px&#8221; button_font=&#8221;Helvetica Now regular|500|||||||&#8221; button_use_icon=&#8221;off&#8221; button_custom_margin=&#8221;0px|0px|0px|0px|false|false&#8221; button_custom_padding=&#8221;4px|0px|4px|0px|true|false&#8221; width=&#8221;100%&#8221; max_width=&#8221;100%&#8221; min_height=&#8221;200px&#8221; custom_margin=&#8221;0px||30px||false|false&#8221; custom_padding=&#8221;15px|30px|15px|20px|false|false&#8221; border_color_bottom=&#8221;RGBA(255,255,255,0)&#8221; border_radii_fields=&#8221;on|0px|0px|0px|0px&#8221; border_color_all_fields=&#8221;#ffffff&#8221; border_color_top_fields=&#8221;#ff7a2d&#8221; border_width_bottom_fields=&#8221;2px&#8221; global_colors_info=&#8221;{}&#8221;][et_pb_signup_custom_field field_id=&#8221;3&#8243; field_title=&#8221;Address&#8221; field_type=&#8221;input&#8221; _builder_version=&#8221;4.16&#8243; _module_preset=&#8221;default&#8221; global_colors_info=&#8221;{}&#8221; predefined_field=&#8221;3&#8243; hidden=&#8221;on&#8221;][\/et_pb_signup_custom_field][\/et_pb_signup][et_pb_text content_last_edited=&#8221;off|phone&#8221; disabled_on=&#8221;off|off|off&#8221; module_class=&#8221;accept-newsletter-signup-text&#8221; _builder_version=&#8221;4.23.4&#8243; _module_preset=&#8221;5eb26332-93f9-4bc7-8daf-89d5e647e929&#8243; text_font=&#8221;Roboto|300|||||||&#8221; text_text_color=&#8221;#FFEFC6&#8243; text_line_height=&#8221;1.3em&#8221; header_2_font_size=&#8221;30px&#8221; background_color=&#8221;RGBA(255,255,255,0)&#8221; width=&#8221;100%&#8221; width_tablet=&#8221;85%&#8221; width_phone=&#8221;100%&#8221; width_last_edited=&#8221;on|phone&#8221; custom_margin=&#8221;20px|5px|5px|0px|false|false&#8221; custom_margin_tablet=&#8221;|0px|||false|false&#8221; custom_margin_phone=&#8221;&#8221; custom_margin_last_edited=&#8221;on|desktop&#8221; text_font_size_tablet=&#8221;&#8221; text_font_size_phone=&#8221;16px&#8221; text_font_size_last_edited=&#8221;on|phone&#8221; global_colors_info=&#8221;{}&#8221;]Genom att anm\u00e4la dig till TEN HOTELS nyhetsbrev godk\u00e4nner du att vi anv\u00e4nder din e-postadress i marknadsf\u00f6rings- och kommunikationssyfte enligt GDPR.<\/p>\n<p><span style=\"padding-top: 20px; font-size: 14px!important;\"><i>*TEN Hotel \u00e4r ett kontantfritt hotell!<\/i><\/span>[\/et_pb_text][\/et_pb_column][\/et_pb_row][\/et_pb_section]<\/p>\n","protected":false},"excerpt":{"rendered":"<p>Euro Schlager Ett glittrande erbjudande.\u00a0 BackaKOM IN P\u00c5 EN SPRAKANDE KV\u00c4LL MED GLITTER &amp; GLAMOUR! Under Euro-schlagerfinalen har ett vi erbjudande p\u00e5 en glittrig \u00f6vernattning. B\u00f6rja med incheckning &amp; v\u00e4lkomstdrink. Till middag serveras det tacobuff\u00e9 och stor godisbuff\u00e9. Mums!Sen \u00e4r det dags f\u00f6r s\u00e4ndningen 20.00 p\u00e5 storbildssk\u00e4rmen.Efter att en vinnare \u00e4r korad v\u00e4ntar en riktigt [&hellip;]<\/p>\n","protected":false},"author":7,"featured_media":0,"parent":2260,"menu_order":0,"comment_status":"closed","ping_status":"closed","template":"","meta":{"_et_pb_use_builder":"on","_et_pb_old_content":"<!-- wp:divi\/placeholder \/-->","_et_gb_content_width":"","inline_featured_image":false,"footnotes":""},"class_list":["post-7434","page","type-page","status-publish","hentry"],"yoast_head":"<!-- This site is optimized with the Yoast SEO plugin v27.4 - https:\/\/yoast.com\/product\/yoast-seo-wordpress\/ -->\n<title>EURO SONG CONTEST - Best Western Plus TEN Hotel<\/title>\n<meta name=\"robots\" content=\"index, follow, max-snippet:-1, max-image-preview:large, max-video-preview:-1\" \/>\n<link rel=\"canonical\" href=\"https:\/\/ten-hotel.se\/sv\/rum\/mello-erbjudande\/\" \/>\n<meta property=\"og:locale\" content=\"sv_SE\" \/>\n<meta property=\"og:type\" content=\"article\" \/>\n<meta property=\"og:title\" content=\"EURO SONG CONTEST - Best Western Plus TEN Hotel\" \/>\n<meta property=\"og:description\" content=\"Euro Schlager Ett glittrande erbjudande.\u00a0 BackaKOM IN P\u00c5 EN SPRAKANDE KV\u00c4LL MED GLITTER &amp; GLAMOUR! Under Euro-schlagerfinalen har ett vi erbjudande p\u00e5 en glittrig \u00f6vernattning. B\u00f6rja med incheckning &amp; v\u00e4lkomstdrink. Till middag serveras det tacobuff\u00e9 och stor godisbuff\u00e9. Mums!Sen \u00e4r det dags f\u00f6r s\u00e4ndningen 20.00 p\u00e5 storbildssk\u00e4rmen.Efter att en vinnare \u00e4r korad v\u00e4ntar en riktigt [&hellip;]\" \/>\n<meta property=\"og:url\" content=\"https:\/\/ten-hotel.se\/sv\/rum\/mello-erbjudande\/\" \/>\n<meta property=\"og:site_name\" content=\"Best Western Plus TEN Hotel\" \/>\n<meta property=\"article:publisher\" content=\"https:\/\/www.facebook.com\/TenHotel\/\" \/>\n<meta property=\"article:modified_time\" content=\"2024-03-25T12:55:17+00:00\" \/>\n<meta property=\"og:image\" content=\"https:\/\/ten-hotel.se\/wp-content\/uploads\/2021\/04\/1-comp.jpg\" \/>\n\t<meta property=\"og:image:width\" content=\"1999\" \/>\n\t<meta property=\"og:image:height\" content=\"1417\" \/>\n\t<meta property=\"og:image:type\" content=\"image\/jpeg\" \/>\n<meta name=\"twitter:card\" content=\"summary_large_image\" \/>\n<meta name=\"twitter:label1\" content=\"Ber\u00e4knad l\u00e4stid\" \/>\n\t<meta name=\"twitter:data1\" content=\"2 minuter\" \/>\n<script type=\"application\/ld+json\" class=\"yoast-schema-graph\">{\"@context\":\"https:\\\/\\\/schema.org\",\"@graph\":[{\"@type\":\"WebPage\",\"@id\":\"https:\\\/\\\/ten-hotel.se\\\/sv\\\/rum\\\/mello-erbjudande\\\/\",\"url\":\"https:\\\/\\\/ten-hotel.se\\\/sv\\\/rum\\\/mello-erbjudande\\\/\",\"name\":\"EURO SONG CONTEST - Best Western Plus TEN Hotel\",\"isPartOf\":{\"@id\":\"https:\\\/\\\/ten-hotel.se\\\/#website\"},\"datePublished\":\"2024-01-15T14:01:08+00:00\",\"dateModified\":\"2024-03-25T12:55:17+00:00\",\"breadcrumb\":{\"@id\":\"https:\\\/\\\/ten-hotel.se\\\/sv\\\/rum\\\/mello-erbjudande\\\/#breadcrumb\"},\"inLanguage\":\"sv-SE\",\"potentialAction\":[{\"@type\":\"ReadAction\",\"target\":[\"https:\\\/\\\/ten-hotel.se\\\/sv\\\/rum\\\/mello-erbjudande\\\/\"]}]},{\"@type\":\"BreadcrumbList\",\"@id\":\"https:\\\/\\\/ten-hotel.se\\\/sv\\\/rum\\\/mello-erbjudande\\\/#breadcrumb\",\"itemListElement\":[{\"@type\":\"ListItem\",\"position\":1,\"name\":\"Home\",\"item\":\"https:\\\/\\\/ten-hotel.se\\\/sv\\\/\"},{\"@type\":\"ListItem\",\"position\":2,\"name\":\"RUM\",\"item\":\"https:\\\/\\\/ten-hotel.se\\\/sv\\\/rum\\\/\"},{\"@type\":\"ListItem\",\"position\":3,\"name\":\"EURO SONG CONTEST\"}]},{\"@type\":\"WebSite\",\"@id\":\"https:\\\/\\\/ten-hotel.se\\\/#website\",\"url\":\"https:\\\/\\\/ten-hotel.se\\\/\",\"name\":\"Ten Hotel\",\"description\":\"Stockholm\",\"publisher\":{\"@id\":\"https:\\\/\\\/ten-hotel.se\\\/#organization\"},\"potentialAction\":[{\"@type\":\"SearchAction\",\"target\":{\"@type\":\"EntryPoint\",\"urlTemplate\":\"https:\\\/\\\/ten-hotel.se\\\/?s={search_term_string}\"},\"query-input\":{\"@type\":\"PropertyValueSpecification\",\"valueRequired\":true,\"valueName\":\"search_term_string\"}}],\"inLanguage\":\"sv-SE\"},{\"@type\":\"Organization\",\"@id\":\"https:\\\/\\\/ten-hotel.se\\\/#organization\",\"name\":\"Ten Hotel\",\"url\":\"https:\\\/\\\/ten-hotel.se\\\/\",\"logo\":{\"@type\":\"ImageObject\",\"inLanguage\":\"sv-SE\",\"@id\":\"https:\\\/\\\/ten-hotel.se\\\/#\\\/schema\\\/logo\\\/image\\\/\",\"url\":\"https:\\\/\\\/ten-hotel.se\\\/wp-content\\\/uploads\\\/2022\\\/11\\\/TEN-HOTEL_symbol-02.png\",\"contentUrl\":\"https:\\\/\\\/ten-hotel.se\\\/wp-content\\\/uploads\\\/2022\\\/11\\\/TEN-HOTEL_symbol-02.png\",\"width\":59,\"height\":58,\"caption\":\"Ten Hotel\"},\"image\":{\"@id\":\"https:\\\/\\\/ten-hotel.se\\\/#\\\/schema\\\/logo\\\/image\\\/\"},\"sameAs\":[\"https:\\\/\\\/www.facebook.com\\\/TenHotel\\\/\",\"https:\\\/\\\/www.instagram.com\\\/tenhotel\\\/\",\"https:\\\/\\\/www.linkedin.com\\\/company\\\/tenhotel\\\/\"]}]}<\/script>\n<!-- \/ Yoast SEO plugin. -->","yoast_head_json":{"title":"EURO SONG CONTEST - Best Western Plus TEN Hotel","robots":{"index":"index","follow":"follow","max-snippet":"max-snippet:-1","max-image-preview":"max-image-preview:large","max-video-preview":"max-video-preview:-1"},"canonical":"https:\/\/ten-hotel.se\/sv\/rum\/mello-erbjudande\/","og_locale":"sv_SE","og_type":"article","og_title":"EURO SONG CONTEST - Best Western Plus TEN Hotel","og_description":"Euro Schlager Ett glittrande erbjudande.\u00a0 BackaKOM IN P\u00c5 EN SPRAKANDE KV\u00c4LL MED GLITTER &amp; GLAMOUR! Under Euro-schlagerfinalen har ett vi erbjudande p\u00e5 en glittrig \u00f6vernattning. B\u00f6rja med incheckning &amp; v\u00e4lkomstdrink. Till middag serveras det tacobuff\u00e9 och stor godisbuff\u00e9. Mums!Sen \u00e4r det dags f\u00f6r s\u00e4ndningen 20.00 p\u00e5 storbildssk\u00e4rmen.Efter att en vinnare \u00e4r korad v\u00e4ntar en riktigt [&hellip;]","og_url":"https:\/\/ten-hotel.se\/sv\/rum\/mello-erbjudande\/","og_site_name":"Best Western Plus TEN Hotel","article_publisher":"https:\/\/www.facebook.com\/TenHotel\/","article_modified_time":"2024-03-25T12:55:17+00:00","og_image":[{"width":1999,"height":1417,"url":"https:\/\/ten-hotel.se\/wp-content\/uploads\/2021\/04\/1-comp.jpg","type":"image\/jpeg"}],"twitter_card":"summary_large_image","twitter_misc":{"Ber\u00e4knad l\u00e4stid":"2 minuter"},"schema":{"@context":"https:\/\/schema.org","@graph":[{"@type":"WebPage","@id":"https:\/\/ten-hotel.se\/sv\/rum\/mello-erbjudande\/","url":"https:\/\/ten-hotel.se\/sv\/rum\/mello-erbjudande\/","name":"EURO SONG CONTEST - Best Western Plus TEN Hotel","isPartOf":{"@id":"https:\/\/ten-hotel.se\/#website"},"datePublished":"2024-01-15T14:01:08+00:00","dateModified":"2024-03-25T12:55:17+00:00","breadcrumb":{"@id":"https:\/\/ten-hotel.se\/sv\/rum\/mello-erbjudande\/#breadcrumb"},"inLanguage":"sv-SE","potentialAction":[{"@type":"ReadAction","target":["https:\/\/ten-hotel.se\/sv\/rum\/mello-erbjudande\/"]}]},{"@type":"BreadcrumbList","@id":"https:\/\/ten-hotel.se\/sv\/rum\/mello-erbjudande\/#breadcrumb","itemListElement":[{"@type":"ListItem","position":1,"name":"Home","item":"https:\/\/ten-hotel.se\/sv\/"},{"@type":"ListItem","position":2,"name":"RUM","item":"https:\/\/ten-hotel.se\/sv\/rum\/"},{"@type":"ListItem","position":3,"name":"EURO SONG CONTEST"}]},{"@type":"WebSite","@id":"https:\/\/ten-hotel.se\/#website","url":"https:\/\/ten-hotel.se\/","name":"Ten Hotel","description":"Stockholm","publisher":{"@id":"https:\/\/ten-hotel.se\/#organization"},"potentialAction":[{"@type":"SearchAction","target":{"@type":"EntryPoint","urlTemplate":"https:\/\/ten-hotel.se\/?s={search_term_string}"},"query-input":{"@type":"PropertyValueSpecification","valueRequired":true,"valueName":"search_term_string"}}],"inLanguage":"sv-SE"},{"@type":"Organization","@id":"https:\/\/ten-hotel.se\/#organization","name":"Ten Hotel","url":"https:\/\/ten-hotel.se\/","logo":{"@type":"ImageObject","inLanguage":"sv-SE","@id":"https:\/\/ten-hotel.se\/#\/schema\/logo\/image\/","url":"https:\/\/ten-hotel.se\/wp-content\/uploads\/2022\/11\/TEN-HOTEL_symbol-02.png","contentUrl":"https:\/\/ten-hotel.se\/wp-content\/uploads\/2022\/11\/TEN-HOTEL_symbol-02.png","width":59,"height":58,"caption":"Ten Hotel"},"image":{"@id":"https:\/\/ten-hotel.se\/#\/schema\/logo\/image\/"},"sameAs":["https:\/\/www.facebook.com\/TenHotel\/","https:\/\/www.instagram.com\/tenhotel\/","https:\/\/www.linkedin.com\/company\/tenhotel\/"]}]}},"_links":{"self":[{"href":"https:\/\/ten-hotel.se\/sv\/wp-json\/wp\/v2\/pages\/7434","targetHints":{"allow":["GET"]}}],"collection":[{"href":"https:\/\/ten-hotel.se\/sv\/wp-json\/wp\/v2\/pages"}],"about":[{"href":"https:\/\/ten-hotel.se\/sv\/wp-json\/wp\/v2\/types\/page"}],"author":[{"embeddable":true,"href":"https:\/\/ten-hotel.se\/sv\/wp-json\/wp\/v2\/users\/7"}],"replies":[{"embeddable":true,"href":"https:\/\/ten-hotel.se\/sv\/wp-json\/wp\/v2\/comments?post=7434"}],"version-history":[{"count":11,"href":"https:\/\/ten-hotel.se\/sv\/wp-json\/wp\/v2\/pages\/7434\/revisions"}],"predecessor-version":[{"id":8091,"href":"https:\/\/ten-hotel.se\/sv\/wp-json\/wp\/v2\/pages\/7434\/revisions\/8091"}],"up":[{"embeddable":true,"href":"https:\/\/ten-hotel.se\/sv\/wp-json\/wp\/v2\/pages\/2260"}],"wp:attachment":[{"href":"https:\/\/ten-hotel.se\/sv\/wp-json\/wp\/v2\/media?parent=7434"}],"curies":[{"name":"wp","href":"https:\/\/api.w.org\/{rel}","templated":true}]}}