{"id":5972,"date":"2023-06-26T13:26:20","date_gmt":"2023-06-26T13:26:20","guid":{"rendered":"https:\/\/ten-hotel.se\/?page_id=5972"},"modified":"2024-02-29T20:24:29","modified_gmt":"2024-02-29T20:24:29","slug":"tendeluxe","status":"publish","type":"page","link":"https:\/\/ten-hotel.se\/sv\/rum\/tendeluxe\/","title":{"rendered":"TEN DELUXE"},"content":{"rendered":"<p>[et_pb_section fb_built=&#8221;1&#8243; _builder_version=&#8221;4.16&#8243; _module_preset=&#8221;default&#8221; custom_margin=&#8221;0px||5px||false|false&#8221; custom_padding=&#8221;0px||0px||false|false&#8221; global_colors_info=&#8221;{}&#8221;][et_pb_row _builder_version=&#8221;4.16&#8243; _module_preset=&#8221;default&#8221; custom_margin=&#8221;0px||0px||false|false&#8221; custom_padding=&#8221;0px||0px||false|false&#8221; global_colors_info=&#8221;{}&#8221;][et_pb_column type=&#8221;4_4&#8243; _builder_version=&#8221;4.16&#8243; _module_preset=&#8221;default&#8221; global_colors_info=&#8221;{}&#8221;][et_pb_text module_class=&#8221;zeroheight&#8221; _builder_version=&#8221;4.23.1&#8243; _module_preset=&#8221;default&#8221; custom_margin=&#8221;0px||0px||false|false&#8221; custom_padding=&#8221;0px||0px||false|false&#8221; global_colors_info=&#8221;{}&#8221; content__hover_enabled=&#8221;on|hover&#8221; content__hover=&#8221;<\/p>\n<div class=%22room-slider-text%22>\n<h1 class=%22text-white%22>TEN Deluxe<\/h1>\n<p><span class=%22text-with-array text-white%22>Bo p\u00e5 \u00f6versta v\u00e5ningen med egen mini-bar och andra produkter f\u00f6r ditt v\u00e4lbefinnande.<\/span><br \/>\n<a class=%22backbutton text-with-array%22 style=%22color: #000000;%22 href=%22\/sv\/rum%22><object class=%22leftarrow-black%22 data=%22\/wp-content\/uploads\/2021\/12\/arrow.svg%22 width=%2222%22 height=%2219%22><\/object>Backa<\/a><\/p>\n<p>&#8221;]<\/p>\n<div class=\"room-slider-text\">\n<h1 class=\"text-white\">TEN Deluxe<\/h1>\n<p><span class=\"text-with-array text-white\">Bo p\u00e5 \u00f6versta v\u00e5ningen med egen mini-bar och andra produkter f\u00f6r ditt v\u00e4lbefinnande.<\/span><\/p>\n<\/div>\n<p><a class=\"backbutton text-with-array\" style=\"color: white!important;\" href=\"\/sv\/rum\"><object class=\"leftarrow\" data=\"\/wp-content\/uploads\/2021\/12\/arrow.svg\" width=\"22\" height=\"19\"><\/object>Backa<\/a>[\/et_pb_text][et_pb_gallery gallery_ids=&#8221;2862,4350,2864,2858,2869,2857,2863,2861,2860,2865&#8243; fullwidth=&#8221;on&#8221; _builder_version=&#8221;4.16.1&#8243; _module_preset=&#8221;default&#8221; width=&#8221;100%&#8221; module_alignment=&#8221;center&#8221; min_height=&#8221;50%&#8221; max_height=&#8221;100%&#8221; custom_margin=&#8221;0px|0px|0px|0px|false|false&#8221; custom_padding=&#8221;0px|0px|0px|0px|false|false&#8221; auto=&#8221;on&#8221; auto_speed=&#8221;2000&#8243; global_colors_info=&#8221;{}&#8221;][\/et_pb_gallery][\/et_pb_column][\/et_pb_row][\/et_pb_section][et_pb_section fb_built=&#8221;1&#8243; _builder_version=&#8221;4.16&#8243; _module_preset=&#8221;default&#8221; custom_margin=&#8221;0px||0px||false|false&#8221; custom_padding=&#8221;0px||0px||false|false&#8221; global_colors_info=&#8221;{}&#8221;][et_pb_row column_structure=&#8221;1_2,1_2&#8243; make_equal=&#8221;on&#8221; _builder_version=&#8221;4.16&#8243; _module_preset=&#8221;default&#8221; background_color=&#8221;RGBA(255,255,255,0)&#8221; width=&#8221;100%&#8221; custom_margin=&#8221;0px||0px||false|false&#8221; custom_padding=&#8221;0px||0px||false|false&#8221; global_colors_info=&#8221;{}&#8221;][et_pb_column type=&#8221;1_2&#8243; _builder_version=&#8221;4.16&#8243; _module_preset=&#8221;default&#8221; background_color=&#8221;#FFF79E&#8221; custom_padding=&#8221;0px|0px|0px|0px|false|false&#8221; border_width_top=&#8221;5px&#8221; border_color_top=&#8221;#ffffff&#8221; border_width_right=&#8221;5px&#8221; border_color_right=&#8221;#ffffff&#8221; border_width_bottom=&#8221;5px&#8221; border_color_bottom=&#8221;#ffffff&#8221; border_width_right_tablet=&#8221;0px&#8221; border_width_right_phone=&#8221;&#8221; border_width_right_last_edited=&#8221;on|tablet&#8221; border_width_bottom_tablet=&#8221;0px&#8221; border_width_bottom_phone=&#8221;&#8221; border_width_bottom_last_edited=&#8221;on|tablet&#8221; global_colors_info=&#8221;{}&#8221;][et_pb_text admin_label=&#8221;LIST&#8221; _builder_version=&#8221;4.19.5&#8243; _module_preset=&#8221;default&#8221; background_color=&#8221;RGBA(255,255,255,0)&#8221; custom_margin=&#8221;5px|5px|5px|0px|false|false&#8221; custom_margin_tablet=&#8221;|0px|||false|false&#8221; custom_margin_phone=&#8221;&#8221; custom_margin_last_edited=&#8221;on|desktop&#8221; global_colors_info=&#8221;{}&#8221;]<\/p>\n<p>I v\u00e5ra TEN DELUXE f\u00e5r du en stund att sk\u00e4mma bort dig sj\u00e4lv. H\u00e4r f\u00e5r du bo p\u00e5 h\u00f6gsta v\u00e5ningen med utsikt mot gr\u00f6nskande promenadstr\u00e5k. Svep in dig i en stor badrock, unna dig i minibaren och ha en lyxig upplevelse. Supersnabbt wi-fi, Smart-TV med inbyggd Chromecast, egen balkong och fri tillg\u00e5ng till TEN GYM och bastu. H\u00e4r finns ocks\u00e5 gratis parkering inkl. laddstolpar, rymliga lounge-avdelningar och p\u00e5 morgonen st\u00e5r en gener\u00f6s frukostbuff\u00e9 framdukad. En h\u00f6g standard, komfort och kvalitet som g\u00f6r att du alltid kan k\u00e4nna dig som hemma och bo bra \u2013 borta.<\/p>\n<p>Storlek: 20m\u00b2<br \/>S\u00e4ng: King size<br \/>G\u00e4ster: 1-2<\/p>\n<p>[\/et_pb_text][\/et_pb_column][et_pb_column type=&#8221;1_2&#8243; _builder_version=&#8221;4.16&#8243; _module_preset=&#8221;default&#8221; background_color=&#8221;#FFF79E&#8221; border_width_top=&#8221;5px&#8221; border_color_top=&#8221;#ffffff&#8221; border_color_right=&#8221;RGBA(255,255,255,0)&#8221; border_width_bottom=&#8221;5px&#8221; border_color_bottom=&#8221;#ffffff&#8221; border_width_left=&#8221;5px&#8221; border_color_left=&#8221;#ffffff&#8221; border_width_top_tablet=&#8221;0px&#8221; border_width_top_phone=&#8221;&#8221; border_width_top_last_edited=&#8221;on|tablet&#8221; border_width_left_tablet=&#8221;0px&#8221; border_width_left_phone=&#8221;&#8221; border_width_left_last_edited=&#8221;on|tablet&#8221; global_colors_info=&#8221;{}&#8221;][et_pb_text admin_label=&#8221;TEXT&#8221; _builder_version=&#8221;4.19.5&#8243; _module_preset=&#8221;default&#8221; background_color=&#8221;RGBA(255,255,255,0)&#8221; min_height_tablet=&#8221;&#8221; min_height_phone=&#8221;&#8221; min_height_last_edited=&#8221;on|desktop&#8221; custom_margin=&#8221;5px|0px|5px|5px|false|false&#8221; custom_margin_tablet=&#8221;|||0px|false|false&#8221; custom_margin_phone=&#8221;&#8221; custom_margin_last_edited=&#8221;on|phone&#8221; global_colors_info=&#8221;{}&#8221;]<\/p>\n<p>TEN DELUXE<\/p>\n<ol style=\"margin-bottom: 0px;\">\n<li>Balkong<\/li>\n<li>Badrum med golvv\u00e4rme &amp; dimmer<\/li>\n<li>Supersnabbt\u00a0 Wi-Fi<\/li>\n<li>Badrock &amp; tofflor<\/li>\n<li>King size s\u00e4ng<\/li>\n<li>Minibar fylld med drycker &amp; tilltugg<\/li>\n<li>Lyxiga badrumsartiklar<\/li>\n<li>Gener\u00f6s frukostbuff\u00e9<\/li>\n<li>Tilltr\u00e4de till TEN Gym &amp; Sauna<\/li>\n<li>H\u00e5rtork &amp; strykbr\u00e4da finns i receptionen<\/li>\n<li>Gratis g\u00e4stparkering med laddstolpar<\/li>\n<\/ol>\n<p>&nbsp;<\/p>\n<p>[\/et_pb_text][\/et_pb_column][\/et_pb_row][\/et_pb_section][et_pb_section fb_built=&#8221;1&#8243; disabled_on=&#8221;off|off|off&#8221; admin_label=&#8221;footer_feb_2024_sv&#8221; module_class=&#8221;footer-section&#8221; _builder_version=&#8221;4.22.2&#8243; _module_preset=&#8221;default&#8221; custom_margin=&#8221;0px||0px||false|false&#8221; custom_padding=&#8221;0px||0px||false|false&#8221; saved_tabs=&#8221;all&#8221; global_colors_info=&#8221;{}&#8221; global_module=&#8221;7963&#8243; theme_builder_area=&#8221;post_content&#8221;][et_pb_row column_structure=&#8221;1_2,1_2&#8243; make_equal=&#8221;on&#8221; admin_label=&#8221;Content&#8221; _builder_version=&#8221;4.23.1&#8243; _module_preset=&#8221;default&#8221; background_color=&#8221;#e5e3dd&#8221; width=&#8221;100%&#8221; min_height=&#8221;300px&#8221; custom_margin=&#8221;0px||0px||false|false&#8221; custom_padding=&#8221;0px||0px||false|false&#8221; custom_css_main_element=&#8221;z-index:0;&#8221; global_colors_info=&#8221;{}&#8221; theme_builder_area=&#8221;post_content&#8221;][et_pb_column type=&#8221;1_2&#8243; _builder_version=&#8221;4.23.1&#8243; _module_preset=&#8221;default&#8221; background_enable_color=&#8221;off&#8221; border_width_top=&#8221;5px&#8221; border_color_top=&#8221;#ffffff&#8221; border_width_right=&#8221;5px&#8221; border_color_right=&#8221;#fff&#8221; border_color_bottom=&#8221;#ffffff&#8221; border_width_right_tablet=&#8221;0px&#8221; border_width_right_phone=&#8221;&#8221; border_width_right_last_edited=&#8221;on|tablet&#8221; border_width_bottom_tablet=&#8221;5px&#8221; border_width_bottom_phone=&#8221;&#8221; border_width_bottom_last_edited=&#8221;on|desktop&#8221; global_colors_info=&#8221;{}&#8221; theme_builder_area=&#8221;post_content&#8221;][et_pb_text _builder_version=&#8221;4.24.0&#8243; _module_preset=&#8221;5eb26332-93f9-4bc7-8daf-89d5e647e929&#8243; text_font=&#8221;Roboto|300|||||||&#8221; text_line_height=&#8221;1.3em&#8221; link_font=&#8221;Roboto|300|||on|||rgba(10,0,0,0.46)|solid&#8221; header_2_font_size=&#8221;30px&#8221; background_color=&#8221;RGBA(255,255,255,0)&#8221; background_enable_image=&#8221;off&#8221; background_size=&#8221;initial&#8221; custom_margin=&#8221;5px|0px|5px|5px|false|false&#8221; custom_margin_tablet=&#8221;|||0px|false|false&#8221; custom_margin_phone=&#8221;&#8221; custom_margin_last_edited=&#8221;on|phone&#8221; custom_padding=&#8221;15px|30px|15px|20px|true|false&#8221; global_colors_info=&#8221;{}&#8221; theme_builder_area=&#8221;post_content&#8221;]<\/p>\n<div class=\"footer-row\">\n<div class=\"footer-column\"><span class=\"footer-item\" style=\"font-size: 20px;\"><strong>SNABBL\u00c4NKAR<\/strong><br \/>\n<a href=\"\/sv\/gdpr\/\">GDPR<\/a><br \/>\n<a href=\"\/sv\/aktuellt\/om-oss\/\">OM OSS<\/a><br \/>\n<a href=\"\/press\">Press<\/a><\/span><\/p>\n<p><span style=\"font-size: 20px;\"><strong>KONTAKT &amp; FR\u00c5GOR<\/strong><br \/>\n<a href=\"mailto:info@ten-hotel.com\">info@ten-hotel.com<\/a><br \/>\n<a>+46(0)859844310<\/a><\/span><\/p>\n<p><span style=\"font-size: 20px;\"><strong>HITTA HIT<\/strong><br \/>\nJohanneslundsv\u00e4gen 11<br \/>\n19461 Upplands V\u00e4sby<br \/>\n<a href=\"https:\/\/www.google.se\/maps\/place\/TEN+HOTEL\/@59.5065006,17.9194608,17z\/data=!3m1!4b1!4m8!3m7!1s0x465f99aade85c3a9:0x2c6b77e563332e8d!5m2!4m1!1i2!8m2!3d59.5065006!4d17.9216548\" target=\"_blank\" rel=\"noopener\">Visa p\u00e5 karta<\/a><\/span><\/div>\n<div class=\"footer-column\">\n<span class=\"footer-item\" style=\"font-size: 20px;\"><strong>BOKNINGAR<\/strong><br \/>\n<a href=\"mailto:booking@ten-hotel.com\">booking@ten-hotel.com<\/a><\/span><\/p>\n<p><span class=\"footer-item\" style=\"font-size: 20px;\"><strong>S\u00c4LJ \/ MARKNADSF\u00d6RING<\/strong><br \/>\n<a href=\"mailto:linnea@ten-hotel.com\">linnea@ten-hotel.com<\/a><\/span><\/p>\n<p><span style=\"font-size: 20px;\"><strong>SOCIALA MEDIER<\/strong><br \/>\n<a href=\"https:\/\/www.instagram.com\/tenhotel\/?hl=sv\" target=\"_blank\" rel=\"noopener\">Instagram<\/a><br \/>\n<a href=\"https:\/\/www.facebook.com\/search\/top?q=tenhotel\" target=\"_blank\" rel=\"noopener\">Facebook<\/a><br \/>\n<a href=\"https:\/\/www.linkedin.com\/company\/tenhotel\/\" target=\"_blank\" rel=\"noopener\">LinkedIn<\/a><\/span>\n<\/div>\n<\/div>\n<div class=\"footer-image-col\"><img decoding=\"async\" class=\"footer-single-logo\" src=\"\/wp-content\/uploads\/2023\/11\/BW-Signature-Collection-Logo-Black-242x300-1.png\" alt=\"Best Western Signature Collection\" \/><br \/>\n<img decoding=\"async\" class=\"footer-single-logo\" src=\"\/wp-content\/uploads\/2024\/02\/Visita_logo_RGB_undertext_500px-H-648.jpg\" alt=\"Visita\" \/><br \/>\n<img decoding=\"async\" class=\"footer-single-logo\" src=\"\/wp-content\/uploads\/2023\/10\/green-key-logo-with-text.jpg\" alt=\"green key\" \/><\/div>\n<p>[\/et_pb_text][\/et_pb_column][et_pb_column type=&#8221;1_2&#8243; _builder_version=&#8221;4.16&#8243; _module_preset=&#8221;default&#8221; background_color=&#8221;#044C21&#8243; border_width_top=&#8221;5px&#8221; border_color_top=&#8221;#fff&#8221; border_color_bottom=&#8221;#fff&#8221; border_width_left=&#8221;5px&#8221; border_color_left=&#8221;#ffffff&#8221; border_width_bottom_tablet=&#8221;&#8221; border_width_bottom_phone=&#8221;0px&#8221; border_width_bottom_last_edited=&#8221;on|phone&#8221; border_width_left_tablet=&#8221;0px&#8221; border_width_left_phone=&#8221;&#8221; border_width_left_last_edited=&#8221;on|tablet&#8221; global_colors_info=&#8221;{}&#8221; theme_builder_area=&#8221;post_content&#8221;][et_pb_signup mailchimp_list=&#8221;TEN HOTEL|b3b8e90fdb&#8221; layout=&#8221;top_bottom&#8221; first_name_field=&#8221;off&#8221; last_name_field=&#8221;off&#8221; title=&#8221;NYHETSBREV&#8221; button_text=&#8221;SIGN UP&#8221; _builder_version=&#8221;4.16&#8243; _module_preset=&#8221;default&#8221; form_field_background_color=&#8221;RGBA(255,255,255,0)&#8221; form_field_text_color=&#8221;#FFEFC6&#8243; form_field_focus_background_color=&#8221;RGBA(255,255,255,0)&#8221; form_field_focus_text_color=&#8221;#ffffff&#8221; form_field_custom_margin=&#8221;0px|0px|0px|0px|false|false&#8221; form_field_custom_padding=&#8221;0px|25%||10px|false|false&#8221; form_field_custom_padding_tablet=&#8221;&#8221; form_field_custom_padding_phone=&#8221;|0%|||false|false&#8221; form_field_custom_padding_last_edited=&#8221;on|phone&#8221; form_field_font=&#8221;Helvetica Now regular|500|||||||&#8221; form_field_text_align=&#8221;left&#8221; form_field_font_size=&#8221;24px&#8221; background_color=&#8221;RGBA(255,255,255,0)&#8221; custom_button=&#8221;on&#8221; button_text_size=&#8221;24px&#8221; button_text_color=&#8221;#FFEFC6&#8243; button_bg_color=&#8221;#1e6d3e&#8221; button_border_width=&#8221;2px&#8221; button_border_color=&#8221;#1e6d3e&#8221; button_border_radius=&#8221;0px&#8221; button_font=&#8221;Helvetica Now regular|500|||||||&#8221; button_use_icon=&#8221;off&#8221; button_custom_margin=&#8221;0px|0px|0px|0px|false|false&#8221; button_custom_padding=&#8221;4px|0px|4px|0px|true|false&#8221; width=&#8221;100%&#8221; max_width=&#8221;100%&#8221; min_height=&#8221;200px&#8221; custom_margin=&#8221;0px||30px||false|false&#8221; custom_padding=&#8221;15px|30px|15px|20px|false|false&#8221; border_color_bottom=&#8221;RGBA(255,255,255,0)&#8221; border_radii_fields=&#8221;on|0px|0px|0px|0px&#8221; border_color_all_fields=&#8221;#ffffff&#8221; border_color_top_fields=&#8221;#ff7a2d&#8221; border_width_bottom_fields=&#8221;2px&#8221; global_colors_info=&#8221;{}&#8221; theme_builder_area=&#8221;post_content&#8221;][et_pb_signup_custom_field field_id=&#8221;3&#8243; field_title=&#8221;Address&#8221; field_type=&#8221;input&#8221; _builder_version=&#8221;4.16&#8243; _module_preset=&#8221;default&#8221; global_colors_info=&#8221;{}&#8221; predefined_field=&#8221;3&#8243; hidden=&#8221;on&#8221; theme_builder_area=&#8221;post_content&#8221;][\/et_pb_signup_custom_field][\/et_pb_signup][et_pb_text content_last_edited=&#8221;off|phone&#8221; disabled_on=&#8221;off|off|off&#8221; module_class=&#8221;accept-newsletter-signup-text&#8221; _builder_version=&#8221;4.23.4&#8243; _module_preset=&#8221;5eb26332-93f9-4bc7-8daf-89d5e647e929&#8243; text_font=&#8221;Roboto|300|||||||&#8221; text_text_color=&#8221;#FFEFC6&#8243; text_line_height=&#8221;1.3em&#8221; header_2_font_size=&#8221;30px&#8221; background_color=&#8221;RGBA(255,255,255,0)&#8221; width=&#8221;100%&#8221; width_tablet=&#8221;85%&#8221; width_phone=&#8221;100%&#8221; width_last_edited=&#8221;on|phone&#8221; custom_margin=&#8221;20px|5px|5px|0px|false|false&#8221; custom_margin_tablet=&#8221;|0px|||false|false&#8221; custom_margin_phone=&#8221;&#8221; custom_margin_last_edited=&#8221;on|desktop&#8221; text_font_size_tablet=&#8221;&#8221; text_font_size_phone=&#8221;16px&#8221; text_font_size_last_edited=&#8221;on|phone&#8221; global_colors_info=&#8221;{}&#8221; theme_builder_area=&#8221;post_content&#8221;]Genom att anm\u00e4la dig till TEN HOTELS nyhetsbrev godk\u00e4nner du att vi anv\u00e4nder din e-postadress i marknadsf\u00f6rings- och kommunikationssyfte enligt GDPR.<\/p>\n<p><span style=\"padding-top: 20px; font-size: 14px!important;\"><i>*TEN Hotel \u00e4r ett kontantfritt hotell!<\/i><\/span>[\/et_pb_text][\/et_pb_column][\/et_pb_row][\/et_pb_section]<\/p>\n","protected":false},"excerpt":{"rendered":"<p>TEN Deluxe Bo p\u00e5 \u00f6versta v\u00e5ningen med egen mini-bar och andra produkter f\u00f6r ditt v\u00e4lbefinnande. BackaI v\u00e5ra TEN DELUXE f\u00e5r du en stund att sk\u00e4mma bort dig sj\u00e4lv. H\u00e4r f\u00e5r du bo p\u00e5 h\u00f6gsta v\u00e5ningen med utsikt mot gr\u00f6nskande promenadstr\u00e5k. Svep in dig i en stor badrock, unna dig i minibaren och ha en lyxig [&hellip;]<\/p>\n","protected":false},"author":7,"featured_media":0,"parent":2260,"menu_order":0,"comment_status":"closed","ping_status":"closed","template":"","meta":{"_et_pb_use_builder":"on","_et_pb_old_content":"<!-- wp:divi\/placeholder \/-->","_et_gb_content_width":"","inline_featured_image":false,"footnotes":""},"class_list":["post-5972","page","type-page","status-publish","hentry"],"yoast_head":"<!-- This site is optimized with the Yoast SEO plugin v27.3 - https:\/\/yoast.com\/product\/yoast-seo-wordpress\/ -->\n<title>TEN DELUXE - Best Western Plus TEN Hotel<\/title>\n<meta name=\"robots\" content=\"index, follow, max-snippet:-1, max-image-preview:large, max-video-preview:-1\" \/>\n<link rel=\"canonical\" href=\"https:\/\/ten-hotel.se\/sv\/rum\/tendeluxe\/\" \/>\n<meta property=\"og:locale\" content=\"sv_SE\" \/>\n<meta property=\"og:type\" content=\"article\" \/>\n<meta property=\"og:title\" content=\"TEN DELUXE - Best Western Plus TEN Hotel\" \/>\n<meta property=\"og:description\" content=\"TEN Deluxe Bo p\u00e5 \u00f6versta v\u00e5ningen med egen mini-bar och andra produkter f\u00f6r ditt v\u00e4lbefinnande. BackaI v\u00e5ra TEN DELUXE f\u00e5r du en stund att sk\u00e4mma bort dig sj\u00e4lv. H\u00e4r f\u00e5r du bo p\u00e5 h\u00f6gsta v\u00e5ningen med utsikt mot gr\u00f6nskande promenadstr\u00e5k. Svep in dig i en stor badrock, unna dig i minibaren och ha en lyxig [&hellip;]\" \/>\n<meta property=\"og:url\" content=\"https:\/\/ten-hotel.se\/sv\/rum\/tendeluxe\/\" \/>\n<meta property=\"og:site_name\" content=\"Best Western Plus TEN Hotel\" \/>\n<meta property=\"article:publisher\" content=\"https:\/\/www.facebook.com\/TenHotel\/\" \/>\n<meta property=\"article:modified_time\" content=\"2024-02-29T20:24:29+00:00\" \/>\n<meta property=\"og:image\" content=\"https:\/\/ten-hotel.se\/wp-content\/uploads\/2021\/04\/1-comp.jpg\" \/>\n\t<meta property=\"og:image:width\" content=\"1999\" \/>\n\t<meta property=\"og:image:height\" content=\"1417\" \/>\n\t<meta property=\"og:image:type\" content=\"image\/jpeg\" \/>\n<meta name=\"twitter:card\" content=\"summary_large_image\" \/>\n<meta name=\"twitter:label1\" content=\"Ber\u00e4knad l\u00e4stid\" \/>\n\t<meta name=\"twitter:data1\" content=\"4 minuter\" \/>\n<script type=\"application\/ld+json\" class=\"yoast-schema-graph\">{\"@context\":\"https:\\\/\\\/schema.org\",\"@graph\":[{\"@type\":\"WebPage\",\"@id\":\"https:\\\/\\\/ten-hotel.se\\\/sv\\\/rum\\\/tendeluxe\\\/\",\"url\":\"https:\\\/\\\/ten-hotel.se\\\/sv\\\/rum\\\/tendeluxe\\\/\",\"name\":\"TEN DELUXE - Best Western Plus TEN Hotel\",\"isPartOf\":{\"@id\":\"https:\\\/\\\/ten-hotel.se\\\/#website\"},\"datePublished\":\"2023-06-26T13:26:20+00:00\",\"dateModified\":\"2024-02-29T20:24:29+00:00\",\"breadcrumb\":{\"@id\":\"https:\\\/\\\/ten-hotel.se\\\/sv\\\/rum\\\/tendeluxe\\\/#breadcrumb\"},\"inLanguage\":\"sv-SE\",\"potentialAction\":[{\"@type\":\"ReadAction\",\"target\":[\"https:\\\/\\\/ten-hotel.se\\\/sv\\\/rum\\\/tendeluxe\\\/\"]}]},{\"@type\":\"BreadcrumbList\",\"@id\":\"https:\\\/\\\/ten-hotel.se\\\/sv\\\/rum\\\/tendeluxe\\\/#breadcrumb\",\"itemListElement\":[{\"@type\":\"ListItem\",\"position\":1,\"name\":\"Home\",\"item\":\"https:\\\/\\\/ten-hotel.se\\\/sv\\\/\"},{\"@type\":\"ListItem\",\"position\":2,\"name\":\"RUM\",\"item\":\"https:\\\/\\\/ten-hotel.se\\\/sv\\\/rum\\\/\"},{\"@type\":\"ListItem\",\"position\":3,\"name\":\"TEN DELUXE\"}]},{\"@type\":\"WebSite\",\"@id\":\"https:\\\/\\\/ten-hotel.se\\\/#website\",\"url\":\"https:\\\/\\\/ten-hotel.se\\\/\",\"name\":\"Ten Hotel\",\"description\":\"Stockholm\",\"publisher\":{\"@id\":\"https:\\\/\\\/ten-hotel.se\\\/#organization\"},\"potentialAction\":[{\"@type\":\"SearchAction\",\"target\":{\"@type\":\"EntryPoint\",\"urlTemplate\":\"https:\\\/\\\/ten-hotel.se\\\/?s={search_term_string}\"},\"query-input\":{\"@type\":\"PropertyValueSpecification\",\"valueRequired\":true,\"valueName\":\"search_term_string\"}}],\"inLanguage\":\"sv-SE\"},{\"@type\":\"Organization\",\"@id\":\"https:\\\/\\\/ten-hotel.se\\\/#organization\",\"name\":\"Ten Hotel\",\"url\":\"https:\\\/\\\/ten-hotel.se\\\/\",\"logo\":{\"@type\":\"ImageObject\",\"inLanguage\":\"sv-SE\",\"@id\":\"https:\\\/\\\/ten-hotel.se\\\/#\\\/schema\\\/logo\\\/image\\\/\",\"url\":\"https:\\\/\\\/ten-hotel.se\\\/wp-content\\\/uploads\\\/2022\\\/11\\\/TEN-HOTEL_symbol-02.png\",\"contentUrl\":\"https:\\\/\\\/ten-hotel.se\\\/wp-content\\\/uploads\\\/2022\\\/11\\\/TEN-HOTEL_symbol-02.png\",\"width\":59,\"height\":58,\"caption\":\"Ten Hotel\"},\"image\":{\"@id\":\"https:\\\/\\\/ten-hotel.se\\\/#\\\/schema\\\/logo\\\/image\\\/\"},\"sameAs\":[\"https:\\\/\\\/www.facebook.com\\\/TenHotel\\\/\",\"https:\\\/\\\/www.instagram.com\\\/tenhotel\\\/\",\"https:\\\/\\\/www.linkedin.com\\\/company\\\/tenhotel\\\/\"]}]}<\/script>\n<!-- \/ Yoast SEO plugin. -->","yoast_head_json":{"title":"TEN DELUXE - Best Western Plus TEN Hotel","robots":{"index":"index","follow":"follow","max-snippet":"max-snippet:-1","max-image-preview":"max-image-preview:large","max-video-preview":"max-video-preview:-1"},"canonical":"https:\/\/ten-hotel.se\/sv\/rum\/tendeluxe\/","og_locale":"sv_SE","og_type":"article","og_title":"TEN DELUXE - Best Western Plus TEN Hotel","og_description":"TEN Deluxe Bo p\u00e5 \u00f6versta v\u00e5ningen med egen mini-bar och andra produkter f\u00f6r ditt v\u00e4lbefinnande. BackaI v\u00e5ra TEN DELUXE f\u00e5r du en stund att sk\u00e4mma bort dig sj\u00e4lv. H\u00e4r f\u00e5r du bo p\u00e5 h\u00f6gsta v\u00e5ningen med utsikt mot gr\u00f6nskande promenadstr\u00e5k. Svep in dig i en stor badrock, unna dig i minibaren och ha en lyxig [&hellip;]","og_url":"https:\/\/ten-hotel.se\/sv\/rum\/tendeluxe\/","og_site_name":"Best Western Plus TEN Hotel","article_publisher":"https:\/\/www.facebook.com\/TenHotel\/","article_modified_time":"2024-02-29T20:24:29+00:00","og_image":[{"width":1999,"height":1417,"url":"https:\/\/ten-hotel.se\/wp-content\/uploads\/2021\/04\/1-comp.jpg","type":"image\/jpeg"}],"twitter_card":"summary_large_image","twitter_misc":{"Ber\u00e4knad l\u00e4stid":"4 minuter"},"schema":{"@context":"https:\/\/schema.org","@graph":[{"@type":"WebPage","@id":"https:\/\/ten-hotel.se\/sv\/rum\/tendeluxe\/","url":"https:\/\/ten-hotel.se\/sv\/rum\/tendeluxe\/","name":"TEN DELUXE - Best Western Plus TEN Hotel","isPartOf":{"@id":"https:\/\/ten-hotel.se\/#website"},"datePublished":"2023-06-26T13:26:20+00:00","dateModified":"2024-02-29T20:24:29+00:00","breadcrumb":{"@id":"https:\/\/ten-hotel.se\/sv\/rum\/tendeluxe\/#breadcrumb"},"inLanguage":"sv-SE","potentialAction":[{"@type":"ReadAction","target":["https:\/\/ten-hotel.se\/sv\/rum\/tendeluxe\/"]}]},{"@type":"BreadcrumbList","@id":"https:\/\/ten-hotel.se\/sv\/rum\/tendeluxe\/#breadcrumb","itemListElement":[{"@type":"ListItem","position":1,"name":"Home","item":"https:\/\/ten-hotel.se\/sv\/"},{"@type":"ListItem","position":2,"name":"RUM","item":"https:\/\/ten-hotel.se\/sv\/rum\/"},{"@type":"ListItem","position":3,"name":"TEN DELUXE"}]},{"@type":"WebSite","@id":"https:\/\/ten-hotel.se\/#website","url":"https:\/\/ten-hotel.se\/","name":"Ten Hotel","description":"Stockholm","publisher":{"@id":"https:\/\/ten-hotel.se\/#organization"},"potentialAction":[{"@type":"SearchAction","target":{"@type":"EntryPoint","urlTemplate":"https:\/\/ten-hotel.se\/?s={search_term_string}"},"query-input":{"@type":"PropertyValueSpecification","valueRequired":true,"valueName":"search_term_string"}}],"inLanguage":"sv-SE"},{"@type":"Organization","@id":"https:\/\/ten-hotel.se\/#organization","name":"Ten Hotel","url":"https:\/\/ten-hotel.se\/","logo":{"@type":"ImageObject","inLanguage":"sv-SE","@id":"https:\/\/ten-hotel.se\/#\/schema\/logo\/image\/","url":"https:\/\/ten-hotel.se\/wp-content\/uploads\/2022\/11\/TEN-HOTEL_symbol-02.png","contentUrl":"https:\/\/ten-hotel.se\/wp-content\/uploads\/2022\/11\/TEN-HOTEL_symbol-02.png","width":59,"height":58,"caption":"Ten Hotel"},"image":{"@id":"https:\/\/ten-hotel.se\/#\/schema\/logo\/image\/"},"sameAs":["https:\/\/www.facebook.com\/TenHotel\/","https:\/\/www.instagram.com\/tenhotel\/","https:\/\/www.linkedin.com\/company\/tenhotel\/"]}]}},"_links":{"self":[{"href":"https:\/\/ten-hotel.se\/sv\/wp-json\/wp\/v2\/pages\/5972","targetHints":{"allow":["GET"]}}],"collection":[{"href":"https:\/\/ten-hotel.se\/sv\/wp-json\/wp\/v2\/pages"}],"about":[{"href":"https:\/\/ten-hotel.se\/sv\/wp-json\/wp\/v2\/types\/page"}],"author":[{"embeddable":true,"href":"https:\/\/ten-hotel.se\/sv\/wp-json\/wp\/v2\/users\/7"}],"replies":[{"embeddable":true,"href":"https:\/\/ten-hotel.se\/sv\/wp-json\/wp\/v2\/comments?post=5972"}],"version-history":[{"count":11,"href":"https:\/\/ten-hotel.se\/sv\/wp-json\/wp\/v2\/pages\/5972\/revisions"}],"predecessor-version":[{"id":7979,"href":"https:\/\/ten-hotel.se\/sv\/wp-json\/wp\/v2\/pages\/5972\/revisions\/7979"}],"up":[{"embeddable":true,"href":"https:\/\/ten-hotel.se\/sv\/wp-json\/wp\/v2\/pages\/2260"}],"wp:attachment":[{"href":"https:\/\/ten-hotel.se\/sv\/wp-json\/wp\/v2\/media?parent=5972"}],"curies":[{"name":"wp","href":"https:\/\/api.w.org\/{rel}","templated":true}]}}