{"id":5221,"date":"2023-04-14T14:35:52","date_gmt":"2023-04-14T14:35:52","guid":{"rendered":"https:\/\/ten-hotel.se\/?page_id=5221"},"modified":"2023-10-23T08:59:28","modified_gmt":"2023-10-23T08:59:28","slug":"terrassen","status":"publish","type":"page","link":"https:\/\/ten-hotel.se\/sv\/aktuellt\/terrassen\/","title":{"rendered":"Terrassen"},"content":{"rendered":"<p>[et_pb_section fb_built=&#8221;1&#8243; _builder_version=&#8221;4.16&#8243; _module_preset=&#8221;default&#8221; custom_margin=&#8221;0px||5px||false|false&#8221; custom_padding=&#8221;0px||0px||false|false&#8221; global_colors_info=&#8221;{}&#8221;][et_pb_row _builder_version=&#8221;4.19.5&#8243; _module_preset=&#8221;default&#8221; custom_margin=&#8221;0px||0px||false|false&#8221; custom_padding=&#8221;0px||0px||false|false&#8221; global_colors_info=&#8221;{}&#8221;][et_pb_column type=&#8221;4_4&#8243; _builder_version=&#8221;4.16&#8243; _module_preset=&#8221;default&#8221; global_colors_info=&#8221;{}&#8221;][et_pb_text content_tablet=&#8221;<\/p>\n<p><span class=%22textonimage%22>Uteservering p\u00e5 terrassen<\/span><br \/><a class=%22backbutton%22 href=%22\/sv\/aktuellt%22 style=%22color: white !important;%22><object data=%22\/wp-content\/uploads\/2021\/12\/arrow.svg%22 width=%2222%22 height=%2219%22 class=%22leftarrow%22><\/object>Backa<\/a><\/p>\n<p>&#8221; content_phone=&#8221;<\/p>\n<p><span class=%22textonimage%22>Uteservering p\u00e5 terrassen<\/span><br \/><a class=%22backbutton%22 href=%22\/sv\/aktuellt%22 style=%22color: white !important;%22><object data=%22\/wp-content\/uploads\/2021\/12\/arrow.svg%22 width=%2222%22 height=%2219%22 class=%22leftarrow%22><\/object>Backa<\/a><\/p>\n<p>&#8221; content_last_edited=&#8221;on|desktop&#8221; module_class=&#8221;zeroheight&#8221; _builder_version=&#8221;4.19.5&#8243; _module_preset=&#8221;default&#8221; custom_margin=&#8221;0px||0px||false|false&#8221; custom_padding=&#8221;0px||0px||false|false&#8221; global_colors_info=&#8221;{}&#8221; content__hover_enabled=&#8221;on|hover&#8221; content__hover=&#8221;<\/p>\n<p><span class=%22textonimage%22>Uteservering p\u00e5 TERRASSEN<\/span><br \/><a class=%22backbutton%22 href=%22\/sv\/aktuellt%22 style=%22color: #000000;%22><object data=%22\/wp-content\/uploads\/2021\/12\/arrow.svg%22 width=%2222%22 height=%2219%22 class=%22leftarrow-black%22><\/object> Backa<\/a><\/p>\n<p>&#8221;]<\/p>\n<p><span class=\"textonimage\">terrassen<\/span><br \/><a class=\"backbutton\" href=\"\/sv\/aktuellt\" style=\"color: white !important;\"><object data=\"\/wp-content\/uploads\/2021\/12\/arrow.svg\" width=\"22\" height=\"19\" class=\"leftarrow\"><\/object>Backa<\/a><\/p>\n<p>[\/et_pb_text][et_pb_gallery gallery_ids=&#8221;5191&#8243; fullwidth=&#8221;on&#8221; _builder_version=&#8221;4.19.5&#8243; _module_preset=&#8221;default&#8221; width=&#8221;100%&#8221; module_alignment=&#8221;center&#8221; min_height=&#8221;50%&#8221; max_height=&#8221;100%&#8221; custom_margin=&#8221;0px|0px|0px|0px|false|false&#8221; custom_padding=&#8221;0px|0px|0px|0px|false|false&#8221; auto=&#8221;on&#8221; auto_speed=&#8221;2000&#8243; global_colors_info=&#8221;{}&#8221;][\/et_pb_gallery][\/et_pb_column][\/et_pb_row][\/et_pb_section][et_pb_section fb_built=&#8221;1&#8243; _builder_version=&#8221;4.16&#8243; _module_preset=&#8221;default&#8221; custom_margin=&#8221;0px||0px||false|false&#8221; custom_padding=&#8221;0px||0px||false|false&#8221; global_colors_info=&#8221;{}&#8221;][et_pb_row column_structure=&#8221;1_2,1_2&#8243; make_equal=&#8221;on&#8221; _builder_version=&#8221;4.19.5&#8243; _module_preset=&#8221;default&#8221; background_color=&#8221;RGBA(255,255,255,0)&#8221; width=&#8221;100%&#8221; custom_margin=&#8221;0px||0px||false|false&#8221; custom_padding=&#8221;0px||0px||false|false&#8221; global_colors_info=&#8221;{}&#8221;][et_pb_column type=&#8221;1_2&#8243; _builder_version=&#8221;4.19.5&#8243; _module_preset=&#8221;default&#8221; background_color=&#8221;#7C130C&#8221; custom_padding=&#8221;0px|0px|0px|0px|false|false&#8221; border_width_top=&#8221;5px&#8221; border_color_top=&#8221;#ffffff&#8221; border_width_right=&#8221;5px&#8221; border_color_right=&#8221;#ffffff&#8221; border_width_bottom=&#8221;5px&#8221; border_color_bottom=&#8221;#ffffff&#8221; border_width_right_tablet=&#8221;0px&#8221; border_width_right_phone=&#8221;&#8221; border_width_right_last_edited=&#8221;on|tablet&#8221; border_width_bottom_tablet=&#8221;0px&#8221; border_width_bottom_phone=&#8221;&#8221; border_width_bottom_last_edited=&#8221;on|tablet&#8221; global_colors_info=&#8221;{}&#8221;][et_pb_text admin_label=&#8221;TEXT&#8221; module_class=&#8221;terres-text-left&#8221; _builder_version=&#8221;4.19.5&#8243; _module_preset=&#8221;default&#8221; text_text_color=&#8221;#FFEFC6&#8243; header_2_text_align=&#8221;center&#8221; background_color=&#8221;#7C130C&#8221; min_height_tablet=&#8221;&#8221; min_height_phone=&#8221;&#8221; min_height_last_edited=&#8221;on|desktop&#8221; custom_margin=&#8221;5px|0px|5px|5px|false|false&#8221; custom_margin_tablet=&#8221;|||0px|false|false&#8221; custom_margin_phone=&#8221;&#8221; custom_margin_last_edited=&#8221;on|phone&#8221; global_colors_info=&#8221;{}&#8221;]<\/p>\n<h2><span style=\"color: #ffefc6;\">TERRASSEN P\u00c5 TEN<\/span><\/h2>\n<p>[\/et_pb_text][\/et_pb_column][et_pb_column type=&#8221;1_2&#8243; _builder_version=&#8221;4.19.5&#8243; _module_preset=&#8221;default&#8221; background_color=&#8221;#FFEFC6&#8243; border_width_top=&#8221;5px&#8221; border_color_top=&#8221;#ffffff&#8221; border_color_right=&#8221;RGBA(255,255,255,0)&#8221; border_width_bottom=&#8221;5px&#8221; border_color_bottom=&#8221;#ffffff&#8221; border_width_left=&#8221;5px&#8221; border_color_left=&#8221;#ffffff&#8221; border_width_top_tablet=&#8221;0px&#8221; border_width_top_phone=&#8221;&#8221; border_width_top_last_edited=&#8221;on|tablet&#8221; border_width_left_tablet=&#8221;0px&#8221; border_width_left_phone=&#8221;&#8221; border_width_left_last_edited=&#8221;on|tablet&#8221; global_colors_info=&#8221;{}&#8221;][et_pb_text admin_label=&#8221;TEXT&#8221; _builder_version=&#8221;4.22.2&#8243; _module_preset=&#8221;default&#8221; background_color=&#8221;RGBA(255,255,255,0)&#8221; min_height_tablet=&#8221;&#8221; min_height_phone=&#8221;&#8221; min_height_last_edited=&#8221;on|desktop&#8221; custom_margin=&#8221;5px|0px|5px|5px|false|false&#8221; custom_margin_tablet=&#8221;|||0px|false|false&#8221; custom_margin_phone=&#8221;&#8221; custom_margin_last_edited=&#8221;on|phone&#8221; hover_enabled=&#8221;0&#8243; global_colors_info=&#8221;{}&#8221; sticky_enabled=&#8221;0&#8243;][\/et_pb_text][\/et_pb_column][\/et_pb_row][\/et_pb_section][et_pb_section fb_built=&#8221;1&#8243; admin_label=&#8221;Footer SV&#8221; _builder_version=&#8221;4.16&#8243; _module_preset=&#8221;default&#8221; custom_margin=&#8221;0px||0px||false|false&#8221; custom_padding=&#8221;0px||0px||false|false&#8221; saved_tabs=&#8221;all&#8221; global_colors_info=&#8221;{}&#8221;][et_pb_row column_structure=&#8221;1_2,1_2&#8243; make_equal=&#8221;on&#8221; admin_label=&#8221;Content&#8221; _builder_version=&#8221;4.16&#8243; _module_preset=&#8221;default&#8221; background_color=&#8221;#e5e3dd&#8221; width=&#8221;100%&#8221; min_height=&#8221;300px&#8221; custom_margin=&#8221;0px||0px||false|false&#8221; custom_padding=&#8221;0px||0px||false|false&#8221; custom_css_main_element=&#8221;z-index:0;&#8221; global_colors_info=&#8221;{}&#8221;][et_pb_column type=&#8221;1_2&#8243; _builder_version=&#8221;4.16&#8243; _module_preset=&#8221;default&#8221; background_enable_color=&#8221;off&#8221; border_width_top=&#8221;5px&#8221; border_color_top=&#8221;#ffffff&#8221; border_width_right=&#8221;5px&#8221; border_color_right=&#8221;#fff&#8221; border_color_bottom=&#8221;#ffffff&#8221; border_width_right_tablet=&#8221;0px&#8221; border_width_right_phone=&#8221;&#8221; border_width_right_last_edited=&#8221;on|tablet&#8221; border_width_bottom_tablet=&#8221;5px&#8221; border_width_bottom_phone=&#8221;&#8221; border_width_bottom_last_edited=&#8221;on|desktop&#8221; global_colors_info=&#8221;{}&#8221;][et_pb_text admin_label=&#8221;kontakta-oss-del1&#8243; _builder_version=&#8221;4.19.5&#8243; _module_preset=&#8221;default&#8221; text_line_height=&#8221;22px&#8221; link_font=&#8221;||||on|||#000000|solid&#8221; background_color=&#8221;RGBA(255,255,255,0)&#8221; background_enable_image=&#8221;off&#8221; background_size=&#8221;initial&#8221; custom_margin=&#8221;5px|0px|5px|5px|false|false&#8221; custom_margin_tablet=&#8221;|||0px|false|false&#8221; custom_margin_phone=&#8221;&#8221; custom_margin_last_edited=&#8221;on|phone&#8221; custom_padding=&#8221;15px|30px|15px|20px|true|false&#8221; global_colors_info=&#8221;{}&#8221;]<\/p>\n<p><span style=\"font-size: 20px;\">OM OSS<br \/><a href=\"\/privacy-policy\">Privacy Policy<\/a><br \/><a href=\"\/press\">Press<\/a><\/span><\/p>\n<p><span style=\"font-size: 20px;\">KONTAKT<br \/><a href=\"mailto:reception@ten-hotel.com\">reception@ten-hotel.com<\/a><br \/><a href:=\"tel:+46859844310\">+46(0)859844310<\/a><\/span><\/p>\n<p><span style=\"font-size: 20px;\">SALES &amp; MARKETING<br \/><a href=\"mailto:linnea@ten-hotel.com\">linnea@ten-hotel.com<\/a><\/span><\/p>\n<p><span style=\"font-size: 20px;\">HITTA HIT<br \/>Johanneslundsv\u00e4gen 11<br \/>19461 Upplands V\u00e4sby<br \/><a href=\"https:\/\/www.google.se\/maps\/place\/TEN+HOTEL\/@59.5065006,17.9194608,17z\/data=!3m1!4b1!4m8!3m7!1s0x465f99aade85c3a9:0x2c6b77e563332e8d!5m2!4m1!1i2!8m2!3d59.5065006!4d17.9216548\" target=\"_blank\" rel=\"noopener\">Visa p\u00e5 karta<\/a><\/span><\/p>\n<p><span style=\"font-size: 20px;\">SOCIALA MEDIER<br \/><a href=\"https:\/\/www.instagram.com\/tenhotel\/\" target=\"_blank\" rel=\"noopener\">Instagram<\/a><br \/><a href=\"https:\/\/www.facebook.com\/search\/top?q=tenhotel\" target=\"_blank\" rel=\"noopener\">Facebook<\/a><br \/><a href=\"https:\/\/www.linkedin.com\/company\/tenhotel\/\" target=\"_blank\" rel=\"noopener\">LinkedIn<\/a><\/span><br \/><img loading=\"lazy\" decoding=\"async\" width=\"242\" height=\"300\" src=\"https:\/\/ten-hotel.se\/wp-content\/uploads\/2022\/01\/BW-Signature-Collection-Logo-Black-242x300.png\" alt=\"Best Western Signature Collection\" class=\"bestwestern_footer_image2 wp-image-3254 alignnone size-medium\" \/><\/p>\n<p>[\/et_pb_text][\/et_pb_column][et_pb_column type=&#8221;1_2&#8243; _builder_version=&#8221;4.16&#8243; _module_preset=&#8221;default&#8221; background_color=&#8221;#044C21&#8243; border_width_top=&#8221;5px&#8221; border_color_top=&#8221;#fff&#8221; border_color_bottom=&#8221;#fff&#8221; border_width_left=&#8221;5px&#8221; border_color_left=&#8221;#ffffff&#8221; border_width_bottom_tablet=&#8221;&#8221; border_width_bottom_phone=&#8221;0px&#8221; border_width_bottom_last_edited=&#8221;on|phone&#8221; border_width_left_tablet=&#8221;0px&#8221; border_width_left_phone=&#8221;&#8221; border_width_left_last_edited=&#8221;on|tablet&#8221; global_colors_info=&#8221;{}&#8221;][et_pb_signup mailchimp_list=&#8221;TEN HOTEL|b3b8e90fdb&#8221; layout=&#8221;top_bottom&#8221; first_name_field=&#8221;off&#8221; last_name_field=&#8221;off&#8221; title=&#8221;NYHETSBREV&#8221; button_text=&#8221;SIGN UP&#8221; _builder_version=&#8221;4.16&#8243; _module_preset=&#8221;default&#8221; form_field_background_color=&#8221;RGBA(255,255,255,0)&#8221; form_field_text_color=&#8221;#FFEFC6&#8243; form_field_focus_background_color=&#8221;RGBA(255,255,255,0)&#8221; form_field_focus_text_color=&#8221;#ffffff&#8221; form_field_custom_margin=&#8221;0px|0px|0px|0px|false|false&#8221; form_field_custom_padding=&#8221;0px|25%||10px|false|false&#8221; form_field_custom_padding_tablet=&#8221;&#8221; form_field_custom_padding_phone=&#8221;|0%|||false|false&#8221; form_field_custom_padding_last_edited=&#8221;on|phone&#8221; form_field_font=&#8221;Helvetica Now regular|500|||||||&#8221; form_field_text_align=&#8221;left&#8221; form_field_font_size=&#8221;24px&#8221; background_color=&#8221;RGBA(255,255,255,0)&#8221; custom_button=&#8221;on&#8221; button_text_size=&#8221;24px&#8221; button_text_color=&#8221;#FFEFC6&#8243; button_bg_color=&#8221;#1e6d3e&#8221; button_border_width=&#8221;2px&#8221; button_border_color=&#8221;#1e6d3e&#8221; button_border_radius=&#8221;0px&#8221; button_font=&#8221;Helvetica Now regular|500|||||||&#8221; button_use_icon=&#8221;off&#8221; button_custom_margin=&#8221;0px|0px|0px|0px|false|false&#8221; button_custom_padding=&#8221;4px|0px|4px|0px|true|false&#8221; width=&#8221;100%&#8221; max_width=&#8221;100%&#8221; min_height=&#8221;200px&#8221; custom_margin=&#8221;0px||30px||false|false&#8221; custom_padding=&#8221;15px|30px|15px|20px|false|false&#8221; border_color_bottom=&#8221;RGBA(255,255,255,0)&#8221; border_radii_fields=&#8221;on|0px|0px|0px|0px&#8221; border_color_all_fields=&#8221;#ffffff&#8221; border_color_top_fields=&#8221;#ff7a2d&#8221; border_width_bottom_fields=&#8221;2px&#8221; global_colors_info=&#8221;{}&#8221;][et_pb_signup_custom_field field_id=&#8221;3&#8243; field_title=&#8221;Address&#8221; field_type=&#8221;input&#8221; _builder_version=&#8221;4.16&#8243; _module_preset=&#8221;default&#8221; global_colors_info=&#8221;{}&#8221; predefined_field=&#8221;3&#8243; hidden=&#8221;on&#8221;][\/et_pb_signup_custom_field][\/et_pb_signup][et_pb_text disabled_on=&#8221;on|on|off&#8221; _builder_version=&#8221;4.16&#8243; _module_preset=&#8221;default&#8221; text_text_color=&#8221;#ffefc6&#8243; text_font_size=&#8221;20px&#8221; text_line_height=&#8221;22px&#8221; background_color=&#8221;RGBA(255,255,255,0)&#8221; width=&#8221;75%&#8221; custom_margin=&#8221;5px|5px|5px|0px|false|false&#8221; custom_margin_tablet=&#8221;|0px|||false|false&#8221; custom_margin_phone=&#8221;&#8221; custom_margin_last_edited=&#8221;on|desktop&#8221; custom_css_main_element=&#8221;position:absolute;||bottom:0\t;||&#8221; global_colors_info=&#8221;{}&#8221;]<\/p>\n<p><span style=\"margin-top: 40px;\">By signing up you accept that TEN HOTEL uses your e-mail in marketing campaigns and communication in accordance with GDPR.<\/span><\/p>\n<p>[\/et_pb_text][et_pb_text disabled_on=&#8221;off|off|on&#8221; _builder_version=&#8221;4.16&#8243; _module_preset=&#8221;default&#8221; text_text_color=&#8221;#FFEFC6&#8243; text_font_size=&#8221;20px&#8221; text_line_height=&#8221;22px&#8221; background_color=&#8221;RGBA(255,255,255,0)&#8221; width=&#8221;100%&#8221; width_tablet=&#8221;85%&#8221; width_phone=&#8221;100%&#8221; width_last_edited=&#8221;on|phone&#8221; custom_margin=&#8221;5px|5px|5px|0px|false|false&#8221; custom_margin_tablet=&#8221;|0px|||false|false&#8221; custom_margin_phone=&#8221;&#8221; custom_margin_last_edited=&#8221;on|desktop&#8221; global_colors_info=&#8221;{}&#8221;]<\/p>\n<p><span style=\"margin-top: 40px;\">By signing up you accept that TEN HOTEL uses your e-mail in marketing campaigns and communication in accordance with GDPR.<\/span><\/p>\n<p>[\/et_pb_text][\/et_pb_column][\/et_pb_row][\/et_pb_section]<\/p>\n","protected":false},"excerpt":{"rendered":"<p>terrassenBackaTERRASSEN P\u00c5 TENOM OSSPrivacy PolicyPress KONTAKTreception@ten-hotel.com+46(0)859844310 SALES &amp; MARKETINGlinnea@ten-hotel.com HITTA HITJohanneslundsv\u00e4gen 1119461 Upplands V\u00e4sbyVisa p\u00e5 karta SOCIALA MEDIERInstagramFacebookLinkedInBy signing up you accept that TEN HOTEL uses your e-mail in marketing campaigns and communication in accordance with GDPR.By signing up you accept that TEN HOTEL uses your e-mail in marketing campaigns and communication in accordance with [&hellip;]<\/p>\n","protected":false},"author":7,"featured_media":0,"parent":4769,"menu_order":0,"comment_status":"closed","ping_status":"closed","template":"","meta":{"_et_pb_use_builder":"on","_et_pb_old_content":"","_et_gb_content_width":"","inline_featured_image":false,"footnotes":""},"class_list":["post-5221","page","type-page","status-publish","hentry"],"yoast_head":"<!-- This site is optimized with the Yoast SEO plugin v27.4 - https:\/\/yoast.com\/product\/yoast-seo-wordpress\/ -->\n<title>Terrassen - Best Western Plus TEN Hotel<\/title>\n<meta name=\"robots\" content=\"index, follow, max-snippet:-1, max-image-preview:large, max-video-preview:-1\" \/>\n<link rel=\"canonical\" href=\"https:\/\/ten-hotel.se\/sv\/aktuellt\/terrassen\/\" \/>\n<meta property=\"og:locale\" content=\"sv_SE\" \/>\n<meta property=\"og:type\" content=\"article\" \/>\n<meta property=\"og:title\" content=\"Terrassen - Best Western Plus TEN Hotel\" \/>\n<meta property=\"og:description\" content=\"terrassenBackaTERRASSEN P\u00c5 TENOM OSSPrivacy PolicyPress KONTAKTreception@ten-hotel.com+46(0)859844310 SALES &amp; MARKETINGlinnea@ten-hotel.com HITTA HITJohanneslundsv\u00e4gen 1119461 Upplands V\u00e4sbyVisa p\u00e5 karta SOCIALA MEDIERInstagramFacebookLinkedInBy signing up you accept that TEN HOTEL uses your e-mail in marketing campaigns and communication in accordance with GDPR.By signing up you accept that TEN HOTEL uses your e-mail in marketing campaigns and communication in accordance with [&hellip;]\" \/>\n<meta property=\"og:url\" content=\"https:\/\/ten-hotel.se\/sv\/aktuellt\/terrassen\/\" \/>\n<meta property=\"og:site_name\" content=\"Best Western Plus TEN Hotel\" \/>\n<meta property=\"article:publisher\" content=\"https:\/\/www.facebook.com\/TenHotel\/\" \/>\n<meta property=\"article:modified_time\" content=\"2023-10-23T08:59:28+00:00\" \/>\n<meta property=\"og:image\" content=\"https:\/\/ten-hotel.se\/wp-content\/uploads\/2022\/01\/BW-Signature-Collection-Logo-Black-242x300.png\" \/>\n<meta name=\"twitter:card\" content=\"summary_large_image\" \/>\n<meta name=\"twitter:label1\" content=\"Ber\u00e4knad l\u00e4stid\" \/>\n\t<meta name=\"twitter:data1\" content=\"3 minuter\" \/>\n<script type=\"application\/ld+json\" class=\"yoast-schema-graph\">{\"@context\":\"https:\\\/\\\/schema.org\",\"@graph\":[{\"@type\":\"WebPage\",\"@id\":\"https:\\\/\\\/ten-hotel.se\\\/sv\\\/aktuellt\\\/terrassen\\\/\",\"url\":\"https:\\\/\\\/ten-hotel.se\\\/sv\\\/aktuellt\\\/terrassen\\\/\",\"name\":\"Terrassen - Best Western Plus TEN Hotel\",\"isPartOf\":{\"@id\":\"https:\\\/\\\/ten-hotel.se\\\/#website\"},\"primaryImageOfPage\":{\"@id\":\"https:\\\/\\\/ten-hotel.se\\\/sv\\\/aktuellt\\\/terrassen\\\/#primaryimage\"},\"image\":{\"@id\":\"https:\\\/\\\/ten-hotel.se\\\/sv\\\/aktuellt\\\/terrassen\\\/#primaryimage\"},\"thumbnailUrl\":\"https:\\\/\\\/ten-hotel.se\\\/wp-content\\\/uploads\\\/2022\\\/01\\\/BW-Signature-Collection-Logo-Black-242x300.png\",\"datePublished\":\"2023-04-14T14:35:52+00:00\",\"dateModified\":\"2023-10-23T08:59:28+00:00\",\"breadcrumb\":{\"@id\":\"https:\\\/\\\/ten-hotel.se\\\/sv\\\/aktuellt\\\/terrassen\\\/#breadcrumb\"},\"inLanguage\":\"sv-SE\",\"potentialAction\":[{\"@type\":\"ReadAction\",\"target\":[\"https:\\\/\\\/ten-hotel.se\\\/sv\\\/aktuellt\\\/terrassen\\\/\"]}]},{\"@type\":\"ImageObject\",\"inLanguage\":\"sv-SE\",\"@id\":\"https:\\\/\\\/ten-hotel.se\\\/sv\\\/aktuellt\\\/terrassen\\\/#primaryimage\",\"url\":\"https:\\\/\\\/ten-hotel.se\\\/wp-content\\\/uploads\\\/2022\\\/01\\\/BW-Signature-Collection-Logo-Black-242x300.png\",\"contentUrl\":\"https:\\\/\\\/ten-hotel.se\\\/wp-content\\\/uploads\\\/2022\\\/01\\\/BW-Signature-Collection-Logo-Black-242x300.png\"},{\"@type\":\"BreadcrumbList\",\"@id\":\"https:\\\/\\\/ten-hotel.se\\\/sv\\\/aktuellt\\\/terrassen\\\/#breadcrumb\",\"itemListElement\":[{\"@type\":\"ListItem\",\"position\":1,\"name\":\"Home\",\"item\":\"https:\\\/\\\/ten-hotel.se\\\/sv\\\/\"},{\"@type\":\"ListItem\",\"position\":2,\"name\":\"Aktuellt\",\"item\":\"https:\\\/\\\/ten-hotel.se\\\/sv\\\/aktuellt\\\/\"},{\"@type\":\"ListItem\",\"position\":3,\"name\":\"Terrassen\"}]},{\"@type\":\"WebSite\",\"@id\":\"https:\\\/\\\/ten-hotel.se\\\/#website\",\"url\":\"https:\\\/\\\/ten-hotel.se\\\/\",\"name\":\"Ten Hotel\",\"description\":\"Stockholm\",\"publisher\":{\"@id\":\"https:\\\/\\\/ten-hotel.se\\\/#organization\"},\"potentialAction\":[{\"@type\":\"SearchAction\",\"target\":{\"@type\":\"EntryPoint\",\"urlTemplate\":\"https:\\\/\\\/ten-hotel.se\\\/?s={search_term_string}\"},\"query-input\":{\"@type\":\"PropertyValueSpecification\",\"valueRequired\":true,\"valueName\":\"search_term_string\"}}],\"inLanguage\":\"sv-SE\"},{\"@type\":\"Organization\",\"@id\":\"https:\\\/\\\/ten-hotel.se\\\/#organization\",\"name\":\"Ten Hotel\",\"url\":\"https:\\\/\\\/ten-hotel.se\\\/\",\"logo\":{\"@type\":\"ImageObject\",\"inLanguage\":\"sv-SE\",\"@id\":\"https:\\\/\\\/ten-hotel.se\\\/#\\\/schema\\\/logo\\\/image\\\/\",\"url\":\"https:\\\/\\\/ten-hotel.se\\\/wp-content\\\/uploads\\\/2022\\\/11\\\/TEN-HOTEL_symbol-02.png\",\"contentUrl\":\"https:\\\/\\\/ten-hotel.se\\\/wp-content\\\/uploads\\\/2022\\\/11\\\/TEN-HOTEL_symbol-02.png\",\"width\":59,\"height\":58,\"caption\":\"Ten Hotel\"},\"image\":{\"@id\":\"https:\\\/\\\/ten-hotel.se\\\/#\\\/schema\\\/logo\\\/image\\\/\"},\"sameAs\":[\"https:\\\/\\\/www.facebook.com\\\/TenHotel\\\/\",\"https:\\\/\\\/www.instagram.com\\\/tenhotel\\\/\",\"https:\\\/\\\/www.linkedin.com\\\/company\\\/tenhotel\\\/\"]}]}<\/script>\n<!-- \/ Yoast SEO plugin. -->","yoast_head_json":{"title":"Terrassen - Best Western Plus TEN Hotel","robots":{"index":"index","follow":"follow","max-snippet":"max-snippet:-1","max-image-preview":"max-image-preview:large","max-video-preview":"max-video-preview:-1"},"canonical":"https:\/\/ten-hotel.se\/sv\/aktuellt\/terrassen\/","og_locale":"sv_SE","og_type":"article","og_title":"Terrassen - Best Western Plus TEN Hotel","og_description":"terrassenBackaTERRASSEN P\u00c5 TENOM OSSPrivacy PolicyPress KONTAKTreception@ten-hotel.com+46(0)859844310 SALES &amp; MARKETINGlinnea@ten-hotel.com HITTA HITJohanneslundsv\u00e4gen 1119461 Upplands V\u00e4sbyVisa p\u00e5 karta SOCIALA MEDIERInstagramFacebookLinkedInBy signing up you accept that TEN HOTEL uses your e-mail in marketing campaigns and communication in accordance with GDPR.By signing up you accept that TEN HOTEL uses your e-mail in marketing campaigns and communication in accordance with [&hellip;]","og_url":"https:\/\/ten-hotel.se\/sv\/aktuellt\/terrassen\/","og_site_name":"Best Western Plus TEN Hotel","article_publisher":"https:\/\/www.facebook.com\/TenHotel\/","article_modified_time":"2023-10-23T08:59:28+00:00","og_image":[{"url":"https:\/\/ten-hotel.se\/wp-content\/uploads\/2022\/01\/BW-Signature-Collection-Logo-Black-242x300.png","type":"","width":"","height":""}],"twitter_card":"summary_large_image","twitter_misc":{"Ber\u00e4knad l\u00e4stid":"3 minuter"},"schema":{"@context":"https:\/\/schema.org","@graph":[{"@type":"WebPage","@id":"https:\/\/ten-hotel.se\/sv\/aktuellt\/terrassen\/","url":"https:\/\/ten-hotel.se\/sv\/aktuellt\/terrassen\/","name":"Terrassen - Best Western Plus TEN Hotel","isPartOf":{"@id":"https:\/\/ten-hotel.se\/#website"},"primaryImageOfPage":{"@id":"https:\/\/ten-hotel.se\/sv\/aktuellt\/terrassen\/#primaryimage"},"image":{"@id":"https:\/\/ten-hotel.se\/sv\/aktuellt\/terrassen\/#primaryimage"},"thumbnailUrl":"https:\/\/ten-hotel.se\/wp-content\/uploads\/2022\/01\/BW-Signature-Collection-Logo-Black-242x300.png","datePublished":"2023-04-14T14:35:52+00:00","dateModified":"2023-10-23T08:59:28+00:00","breadcrumb":{"@id":"https:\/\/ten-hotel.se\/sv\/aktuellt\/terrassen\/#breadcrumb"},"inLanguage":"sv-SE","potentialAction":[{"@type":"ReadAction","target":["https:\/\/ten-hotel.se\/sv\/aktuellt\/terrassen\/"]}]},{"@type":"ImageObject","inLanguage":"sv-SE","@id":"https:\/\/ten-hotel.se\/sv\/aktuellt\/terrassen\/#primaryimage","url":"https:\/\/ten-hotel.se\/wp-content\/uploads\/2022\/01\/BW-Signature-Collection-Logo-Black-242x300.png","contentUrl":"https:\/\/ten-hotel.se\/wp-content\/uploads\/2022\/01\/BW-Signature-Collection-Logo-Black-242x300.png"},{"@type":"BreadcrumbList","@id":"https:\/\/ten-hotel.se\/sv\/aktuellt\/terrassen\/#breadcrumb","itemListElement":[{"@type":"ListItem","position":1,"name":"Home","item":"https:\/\/ten-hotel.se\/sv\/"},{"@type":"ListItem","position":2,"name":"Aktuellt","item":"https:\/\/ten-hotel.se\/sv\/aktuellt\/"},{"@type":"ListItem","position":3,"name":"Terrassen"}]},{"@type":"WebSite","@id":"https:\/\/ten-hotel.se\/#website","url":"https:\/\/ten-hotel.se\/","name":"Ten Hotel","description":"Stockholm","publisher":{"@id":"https:\/\/ten-hotel.se\/#organization"},"potentialAction":[{"@type":"SearchAction","target":{"@type":"EntryPoint","urlTemplate":"https:\/\/ten-hotel.se\/?s={search_term_string}"},"query-input":{"@type":"PropertyValueSpecification","valueRequired":true,"valueName":"search_term_string"}}],"inLanguage":"sv-SE"},{"@type":"Organization","@id":"https:\/\/ten-hotel.se\/#organization","name":"Ten Hotel","url":"https:\/\/ten-hotel.se\/","logo":{"@type":"ImageObject","inLanguage":"sv-SE","@id":"https:\/\/ten-hotel.se\/#\/schema\/logo\/image\/","url":"https:\/\/ten-hotel.se\/wp-content\/uploads\/2022\/11\/TEN-HOTEL_symbol-02.png","contentUrl":"https:\/\/ten-hotel.se\/wp-content\/uploads\/2022\/11\/TEN-HOTEL_symbol-02.png","width":59,"height":58,"caption":"Ten Hotel"},"image":{"@id":"https:\/\/ten-hotel.se\/#\/schema\/logo\/image\/"},"sameAs":["https:\/\/www.facebook.com\/TenHotel\/","https:\/\/www.instagram.com\/tenhotel\/","https:\/\/www.linkedin.com\/company\/tenhotel\/"]}]}},"_links":{"self":[{"href":"https:\/\/ten-hotel.se\/sv\/wp-json\/wp\/v2\/pages\/5221","targetHints":{"allow":["GET"]}}],"collection":[{"href":"https:\/\/ten-hotel.se\/sv\/wp-json\/wp\/v2\/pages"}],"about":[{"href":"https:\/\/ten-hotel.se\/sv\/wp-json\/wp\/v2\/types\/page"}],"author":[{"embeddable":true,"href":"https:\/\/ten-hotel.se\/sv\/wp-json\/wp\/v2\/users\/7"}],"replies":[{"embeddable":true,"href":"https:\/\/ten-hotel.se\/sv\/wp-json\/wp\/v2\/comments?post=5221"}],"version-history":[{"count":23,"href":"https:\/\/ten-hotel.se\/sv\/wp-json\/wp\/v2\/pages\/5221\/revisions"}],"predecessor-version":[{"id":6220,"href":"https:\/\/ten-hotel.se\/sv\/wp-json\/wp\/v2\/pages\/5221\/revisions\/6220"}],"up":[{"embeddable":true,"href":"https:\/\/ten-hotel.se\/sv\/wp-json\/wp\/v2\/pages\/4769"}],"wp:attachment":[{"href":"https:\/\/ten-hotel.se\/sv\/wp-json\/wp\/v2\/media?parent=5221"}],"curies":[{"name":"wp","href":"https:\/\/api.w.org\/{rel}","templated":true}]}}